{"id":8824,"date":"2022-07-20T23:03:58","date_gmt":"2022-07-21T03:03:58","guid":{"rendered":"https:\/\/interchap.org\/pt\/?page_id=8824"},"modified":"2022-07-24T08:18:33","modified_gmt":"2022-07-24T12:18:33","slug":"live","status":"publish","type":"page","link":"https:\/\/interchap.org\/pt\/live\/","title":{"rendered":"Live"},"content":{"rendered":"<p><strong>Obrigado por participar em mais uma LIVE da Interchap Global!<\/strong><\/p>\n<p><strong>ATEN\u00c7\u00c3O:<\/strong><br \/>\n<em>O video somente funcionar\u00e1 quando estivermos transmitindo AO VIVO!<\/em><br \/>\n<iframe loading=\"lazy\" style=\"border: none; overflow: hidden;\" src=\"https:\/\/www.facebook.com\/plugins\/video.php?href=https%3A%2F%2Fwww.facebook.com%2Finterchapassoc%2Fvideos%2F420915959798432%2F&amp;width=640\" width=\"640\" height=\"360\" frameborder=\"0\" scrolling=\"no\" allowfullscreen=\"allowfullscreen\"><\/iframe><\/p>\n","protected":false},"excerpt":{"rendered":"<p>Obrigado por participar em mais uma LIVE da Interchap Global! ATEN\u00c7\u00c3O: O video somente funcionar\u00e1 quando estivermos transmitindo AO VIVO!<\/p>\n","protected":false},"author":1,"featured_media":0,"parent":0,"menu_order":0,"comment_status":"closed","ping_status":"closed","template":"","meta":{"_mc_calendar":[],"footnotes":""},"class_list":["post-8824","page","type-page","status-publish","hentry"],"jetpack_likes_enabled":true,"jetpack_sharing_enabled":true,"_links":{"self":[{"href":"https:\/\/interchap.org\/pt\/wp-json\/wp\/v2\/pages\/8824","targetHints":{"allow":["GET"]}}],"collection":[{"href":"https:\/\/interchap.org\/pt\/wp-json\/wp\/v2\/pages"}],"about":[{"href":"https:\/\/interchap.org\/pt\/wp-json\/wp\/v2\/types\/page"}],"author":[{"embeddable":true,"href":"https:\/\/interchap.org\/pt\/wp-json\/wp\/v2\/users\/1"}],"replies":[{"embeddable":true,"href":"https:\/\/interchap.org\/pt\/wp-json\/wp\/v2\/comments?post=8824"}],"version-history":[{"count":4,"href":"https:\/\/interchap.org\/pt\/wp-json\/wp\/v2\/pages\/8824\/revisions"}],"predecessor-version":[{"id":8862,"href":"https:\/\/interchap.org\/pt\/wp-json\/wp\/v2\/pages\/8824\/revisions\/8862"}],"wp:attachment":[{"href":"https:\/\/interchap.org\/pt\/wp-json\/wp\/v2\/media?parent=8824"}],"curies":[{"name":"wp","href":"https:\/\/api.w.org\/{rel}","templated":true}]}}