{"id":8813,"date":"2022-07-13T13:00:13","date_gmt":"2022-07-13T17:00:13","guid":{"rendered":"https:\/\/interchap.org\/pt\/?page_id=8813"},"modified":"2022-07-24T08:15:28","modified_gmt":"2022-07-24T12:15:28","slug":"testemunhos","status":"publish","type":"page","link":"https:\/\/interchap.org\/pt\/testemunhos\/","title":{"rendered":"Testemunhos"},"content":{"rendered":"<h5><strong>Conhe\u00e7a o Testemunho de alguns de nossos Capel\u00e3es:<\/strong><\/h5>\n<ul>\n<li><a href=\"http:\/\/interchap.org\/pt\/wp-content\/uploads\/2022\/07\/Capela-Dra-Silvana.mp3\" target=\"_blank\" rel=\"noopener\"><strong>Dra Silvana &#8211; Advogada e Capel\u00e3 em Rio Claro, SP &#8211; Brasil<\/strong><\/a><\/li>\n<li><a href=\"http:\/\/interchap.org\/pt\/wp-content\/uploads\/2022\/07\/Capelao-Pr.-Josias.mp3\" target=\"_blank\" rel=\"noopener\"><strong>Dr Josias &#8211; Psicoterapeuta e Capel\u00e3o na Florida &#8211; USA<\/strong><\/a><\/li>\n<\/ul>\n","protected":false},"excerpt":{"rendered":"<p>Conhe\u00e7a o Testemunho de alguns de nossos Capel\u00e3es: Dra Silvana &#8211; Advogada e Capel\u00e3 em Rio Claro, SP &#8211; Brasil Dr Josias &#8211; Psicoterapeuta e Capel\u00e3o na Florida &#8211; USA<\/p>\n","protected":false},"author":1,"featured_media":0,"parent":0,"menu_order":0,"comment_status":"open","ping_status":"closed","template":"","meta":{"_mc_calendar":[],"footnotes":""},"class_list":["post-8813","page","type-page","status-publish","hentry"],"jetpack_likes_enabled":true,"jetpack_sharing_enabled":true,"_links":{"self":[{"href":"https:\/\/interchap.org\/pt\/wp-json\/wp\/v2\/pages\/8813","targetHints":{"allow":["GET"]}}],"collection":[{"href":"https:\/\/interchap.org\/pt\/wp-json\/wp\/v2\/pages"}],"about":[{"href":"https:\/\/interchap.org\/pt\/wp-json\/wp\/v2\/types\/page"}],"author":[{"embeddable":true,"href":"https:\/\/interchap.org\/pt\/wp-json\/wp\/v2\/users\/1"}],"replies":[{"embeddable":true,"href":"https:\/\/interchap.org\/pt\/wp-json\/wp\/v2\/comments?post=8813"}],"version-history":[{"count":5,"href":"https:\/\/interchap.org\/pt\/wp-json\/wp\/v2\/pages\/8813\/revisions"}],"predecessor-version":[{"id":8859,"href":"https:\/\/interchap.org\/pt\/wp-json\/wp\/v2\/pages\/8813\/revisions\/8859"}],"wp:attachment":[{"href":"https:\/\/interchap.org\/pt\/wp-json\/wp\/v2\/media?parent=8813"}],"curies":[{"name":"wp","href":"https:\/\/api.w.org\/{rel}","templated":true}]}}