{"id":396,"date":"2015-06-10T02:06:24","date_gmt":"2015-06-10T06:06:24","guid":{"rendered":"https:\/\/interchap.org\/pt\/?page_id=396"},"modified":"2023-01-18T12:12:08","modified_gmt":"2023-01-18T16:12:08","slug":"capelaes","status":"publish","type":"page","link":"https:\/\/interchap.org\/pt\/capelaes\/","title":{"rendered":"Capelaes"},"content":{"rendered":"<div class=\"members-access-error\">\n<p style=\"text-align: center\"><span style=\"color: #ff0000\"><strong>Para ter acesso ao Cadastro Global voc\u00ea precisa estar registrado com a International Chaplais Association!<\/strong><\/span><br \/>\nMesmo que voc\u00ea seja um Capel\u00e3o da International Chaplains Association \u00e9 necess\u00e1rio fazer o <a href=\"https:\/\/interchap.org\/pt\/registro\/\" target=\"_blank\" rel=\"noopener\"><strong>Registro<\/strong><\/a> de seu Email para ent\u00e3o poder acessar o Cadastro Global. Sempre fa\u00e7a o seu <a href=\"https:\/\/interchap.org\/pt\/login\/\" target=\"_blank\" rel=\"noopener\"><strong>Login<\/strong><\/a> antes de acessar esta p\u00e1gina!<\/p>\n<\/div>\n","protected":false},"excerpt":{"rendered":"<div class=\"members-access-error\">\n<p style=\"text-align: center\"><span style=\"color: #ff0000\"><strong>Para ter acesso ao Cadastro Global voc\u00ea precisa estar registrado com a International Chaplais Association!<\/strong><\/span><br \/>\nMesmo que voc\u00ea seja um Capel\u00e3o da International Chaplains Association \u00e9 necess\u00e1rio fazer o <a href=\"https:\/\/interchap.org\/pt\/registro\/\" target=\"_blank\" rel=\"noopener\"><strong>Registro<\/strong><\/a> de seu Email para ent\u00e3o poder acessar o Cadastro Global. Sempre fa\u00e7a o seu <a href=\"https:\/\/interchap.org\/pt\/login\/\" target=\"_blank\" rel=\"noopener\"><strong>Login<\/strong><\/a> antes de acessar esta p\u00e1gina!<\/p>\n<\/div>\n","protected":false},"author":1,"featured_media":0,"parent":0,"menu_order":0,"comment_status":"closed","ping_status":"closed","template":"","meta":{"_mc_calendar":[],"footnotes":""},"class_list":["post-396","page","type-page","status-publish","hentry"],"jetpack_likes_enabled":true,"jetpack_sharing_enabled":true,"_links":{"self":[{"href":"https:\/\/interchap.org\/pt\/wp-json\/wp\/v2\/pages\/396","targetHints":{"allow":["GET"]}}],"collection":[{"href":"https:\/\/interchap.org\/pt\/wp-json\/wp\/v2\/pages"}],"about":[{"href":"https:\/\/interchap.org\/pt\/wp-json\/wp\/v2\/types\/page"}],"author":[{"embeddable":true,"href":"https:\/\/interchap.org\/pt\/wp-json\/wp\/v2\/users\/1"}],"replies":[{"embeddable":true,"href":"https:\/\/interchap.org\/pt\/wp-json\/wp\/v2\/comments?post=396"}],"version-history":[{"count":5,"href":"https:\/\/interchap.org\/pt\/wp-json\/wp\/v2\/pages\/396\/revisions"}],"predecessor-version":[{"id":8983,"href":"https:\/\/interchap.org\/pt\/wp-json\/wp\/v2\/pages\/396\/revisions\/8983"}],"wp:attachment":[{"href":"https:\/\/interchap.org\/pt\/wp-json\/wp\/v2\/media?parent=396"}],"curies":[{"name":"wp","href":"https:\/\/api.w.org\/{rel}","templated":true}]}}