{"id":3886,"date":"2019-10-05T15:20:25","date_gmt":"2019-10-05T19:20:25","guid":{"rendered":"https:\/\/interchap.org\/pt\/?page_id=3886"},"modified":"2023-06-10T04:24:03","modified_gmt":"2023-06-10T03:24:03","slug":"saude","status":"publish","type":"page","link":"https:\/\/interchap.org\/pt\/saude\/","title":{"rendered":"Sa\u00fade"},"content":{"rendered":"<h2 style=\"text-align: center;\"><strong>Esta \u00e9 a p\u00e1gina INTERCHAP Sa\u00fade!<\/strong><\/h2>\n<h5 style=\"text-align: center;\"><span style=\"color: #ff0000;\"><strong>Clique em qualquer link abaixo e leia os artigos.<\/strong><\/span><\/h5>\n<p style=\"text-align: center;\"><span style=\"color: #0000ff;\"><a style=\"color: #0000ff;\" href=\"https:\/\/interchap.org\/br\/wp-content\/uploads\/2023\/06\/beneficios-do-chimarrao.pdf\" target=\"_blank\" rel=\"noopener\"><strong>Conhe\u00e7a os 10 benef\u00edcios do chimar\u00e3o<\/strong><\/a><\/span><\/p>\n<p style=\"text-align: center;\"><span style=\"color: #0000ff;\"><a style=\"color: #0000ff;\" href=\"https:\/\/interchap.org\/br\/wp-content\/uploads\/2023\/06\/Depressao-e-a-Biblia.pdf\" target=\"_blank\" rel=\"noopener\"><strong>Ansiedade, Depress\u00e3o e a B\u00edblia<\/strong><\/a><\/span><\/p>\n<p style=\"text-align: center;\"><span style=\"color: #0000ff;\"><a style=\"color: #0000ff;\" href=\"https:\/\/interchap.org\/br\/wp-content\/uploads\/2023\/06\/NOZ-MOSCADA.pdf\" target=\"_blank\" rel=\"noopener\"><strong>Benef\u00edcios da Noz-Moscada<\/strong><\/a><\/span><\/p>\n<p style=\"text-align: center;\"><span style=\"color: #0000ff;\"><a style=\"color: #0000ff;\" href=\"https:\/\/interchap.org\/br\/wp-content\/uploads\/2023\/06\/PRESSAO-ALTA-E-BAIXA.pdf\" target=\"_blank\" rel=\"noopener\"><strong>Press\u00e3o Sangu\u00ednea, Alta e Baixa<\/strong><\/a><\/span><\/p>\n<p>&nbsp;<\/p>\n<p>&nbsp;<\/p>\n","protected":false},"excerpt":{"rendered":"<p>Esta \u00e9 a p\u00e1gina INTERCHAP Sa\u00fade! Clique em qualquer link abaixo e leia os artigos. Conhe\u00e7a os 10 benef\u00edcios do chimar\u00e3o Ansiedade, Depress\u00e3o e a B\u00edblia Benef\u00edcios da Noz-Moscada Press\u00e3o Sangu\u00ednea, Alta e Baixa&#46;&#46;&#46;<\/p>\n","protected":false},"author":1,"featured_media":0,"parent":0,"menu_order":0,"comment_status":"closed","ping_status":"closed","template":"","meta":{"_mc_calendar":[],"footnotes":""},"class_list":["post-3886","page","type-page","status-publish","hentry"],"jetpack_likes_enabled":true,"jetpack_sharing_enabled":true,"_links":{"self":[{"href":"https:\/\/interchap.org\/pt\/wp-json\/wp\/v2\/pages\/3886","targetHints":{"allow":["GET"]}}],"collection":[{"href":"https:\/\/interchap.org\/pt\/wp-json\/wp\/v2\/pages"}],"about":[{"href":"https:\/\/interchap.org\/pt\/wp-json\/wp\/v2\/types\/page"}],"author":[{"embeddable":true,"href":"https:\/\/interchap.org\/pt\/wp-json\/wp\/v2\/users\/1"}],"replies":[{"embeddable":true,"href":"https:\/\/interchap.org\/pt\/wp-json\/wp\/v2\/comments?post=3886"}],"version-history":[{"count":5,"href":"https:\/\/interchap.org\/pt\/wp-json\/wp\/v2\/pages\/3886\/revisions"}],"predecessor-version":[{"id":9237,"href":"https:\/\/interchap.org\/pt\/wp-json\/wp\/v2\/pages\/3886\/revisions\/9237"}],"wp:attachment":[{"href":"https:\/\/interchap.org\/pt\/wp-json\/wp\/v2\/media?parent=3886"}],"curies":[{"name":"wp","href":"https:\/\/api.w.org\/{rel}","templated":true}]}}