{"id":316,"date":"2015-02-05T18:02:30","date_gmt":"2015-02-05T22:02:30","guid":{"rendered":"https:\/\/interchap.org\/pt\/?page_id=316"},"modified":"2023-06-18T06:55:36","modified_gmt":"2023-06-18T05:55:36","slug":"teste_online","status":"publish","type":"page","link":"https:\/\/interchap.org\/pt\/teste_online\/","title":{"rendered":"Teste Online"},"content":{"rendered":"<h1 style=\"text-align: center;\"><span style=\"color: #ff0000;\">TESTE ONLINE<\/span><\/h1>\n<h4 style=\"text-align: center;\"><span style=\"color: #ff0000;\">PARTICIPE DESTE TESTE ONLINE DE AVALIA\u00c7\u00c3O<\/span><\/h4>\n<h2 style=\"text-align: center;\">Voce conhece bem a Interchap Global?<\/h2>\n<p style=\"text-align: center;\"><strong><span style=\"color: #ff0000;\">(ATEN\u00c7\u00c3O: Para participar do teste Online, n\u00e3o \u00e9 suficiente ser Registrado em nosso Site,<br \/>\nvoc\u00ea precisa ser um Capel\u00e3o Interchap com sua credencial em dia!)<\/span><\/strong><\/p>\n<p style=\"text-align: center;\"><strong><span style=\"color: #000000;\">Se voc\u00ea ja est\u00e1 Registrado em nosso Site fa\u00e7a o <span style=\"color: #0000ff;\"><a style=\"color: #0000ff;\" href=\"https:\/\/interchap.org\/pt\/login\/\" target=\"_blank\" rel=\"noopener\">Login<\/a><\/span><br \/>\ne depois clique <span style=\"color: #0000ff;\"><a style=\"color: #0000ff;\" href=\"https:\/\/interchap.org\/pt\/instituicao\/\" target=\"_blank\" rel=\"noopener\">AQUI<\/a><\/span>\u00a0para participar do teste Online.<\/span><\/strong><\/p>\n<p style=\"text-align: center;\"><strong><span style=\"color: #ff0000;\">TAMB\u00c9M N\u00c3O ESQUE\u00c7A DE ESTUDAR A APOSTILA<\/span><\/strong><br \/>\n<strong> <span style=\"color: #ff0000;\"> FA\u00c7A O <span style=\"color: #0000ff;\"><a style=\"color: #0000ff;\" href=\"http:\/\/interchap.org\/pt\/wp-content\/uploads\/2016\/01\/Conhecendo-a-Interchap.pdf\" target=\"_blank\" rel=\"noopener\">&lt;DOWNLOAD AQU\u00cd&gt;<\/a><\/span><\/span><\/strong><\/p>\n<p style=\"text-align: center;\"><span style=\"color: #000000;\"><strong>AP\u00d3S A CONCLUS\u00c3O DO TESTE, N\u00d3S ENVIAREMOS PARA VOC\u00ca UM CERTIFICADO EM PDF!<\/strong><\/span><\/p>\n<p style=\"text-align: center;\"><span style=\"color: #000000;\"><strong>ESTE CERTIFICADO \u00c9 V\u00c1LIDO PARA SUA FUTURA PROMO\u00c7\u00c3O!<\/strong><\/span><\/p>\n<p style=\"text-align: center;\">\n","protected":false},"excerpt":{"rendered":"<p>TESTE ONLINE PARTICIPE DESTE TESTE ONLINE DE AVALIA\u00c7\u00c3O Voce conhece bem a Interchap Global? (ATEN\u00c7\u00c3O: Para participar do teste Online, n\u00e3o \u00e9 suficiente ser Registrado em nosso Site, voc\u00ea precisa ser um Capel\u00e3o Interchap&#46;&#46;&#46;<\/p>\n","protected":false},"author":1,"featured_media":0,"parent":0,"menu_order":0,"comment_status":"closed","ping_status":"closed","template":"","meta":{"_mc_calendar":[],"footnotes":""},"class_list":["post-316","page","type-page","status-publish","hentry"],"jetpack_likes_enabled":true,"jetpack_sharing_enabled":true,"_links":{"self":[{"href":"https:\/\/interchap.org\/pt\/wp-json\/wp\/v2\/pages\/316","targetHints":{"allow":["GET"]}}],"collection":[{"href":"https:\/\/interchap.org\/pt\/wp-json\/wp\/v2\/pages"}],"about":[{"href":"https:\/\/interchap.org\/pt\/wp-json\/wp\/v2\/types\/page"}],"author":[{"embeddable":true,"href":"https:\/\/interchap.org\/pt\/wp-json\/wp\/v2\/users\/1"}],"replies":[{"embeddable":true,"href":"https:\/\/interchap.org\/pt\/wp-json\/wp\/v2\/comments?post=316"}],"version-history":[{"count":6,"href":"https:\/\/interchap.org\/pt\/wp-json\/wp\/v2\/pages\/316\/revisions"}],"predecessor-version":[{"id":9250,"href":"https:\/\/interchap.org\/pt\/wp-json\/wp\/v2\/pages\/316\/revisions\/9250"}],"wp:attachment":[{"href":"https:\/\/interchap.org\/pt\/wp-json\/wp\/v2\/media?parent=316"}],"curies":[{"name":"wp","href":"https:\/\/api.w.org\/{rel}","templated":true}]}}