{"id":2,"date":"2014-08-04T20:44:21","date_gmt":"2014-08-04T20:44:21","guid":{"rendered":"https:\/\/interchap.org\/pt\/?page_id=2"},"modified":"2024-07-14T19:42:15","modified_gmt":"2024-07-14T18:42:15","slug":"about","status":"publish","type":"page","link":"https:\/\/interchap.org\/pt\/about\/","title":{"rendered":"Quem somos"},"content":{"rendered":"<p style=\"text-align: center;\"><strong>International Chaplains Association &#8211; INTERCHAP GLOBAL<\/strong><\/p>\n<div style=\"width: 1920px;\" class=\"wp-video\"><video class=\"wp-video-shortcode\" id=\"video-2-1\" width=\"1920\" height=\"1080\" autoplay preload=\"auto\" controls=\"controls\"><source type=\"video\/mp4\" src=\"http:\/\/interchap.org\/pt\/wp-content\/uploads\/2020\/12\/001.mp4?_=1\" \/><a href=\"http:\/\/interchap.org\/pt\/wp-content\/uploads\/2020\/12\/001.mp4\">http:\/\/interchap.org\/pt\/wp-content\/uploads\/2020\/12\/001.mp4<\/a><\/video><\/div>\n<p><strong>Estes s\u00e3o os nossos principais objetivos:<\/strong><\/p>\n<p>&#8211;\u00a0Facilitar o encorajamento m\u00fatuo, apoio e compreens\u00e3o entre os capel\u00e3es de todo o mundo.<br \/>\n&#8211; Apoiar e promover a capelania volunt\u00e1ria e\u00a0para isto salvaguar\u00a0os padr\u00f5es\u00a0\u00e9ticos e profissionais\u00a0entre os capel\u00e3es.<br \/>\n&#8211; Prestar servi\u00e7os espirituais, psicol\u00f3gicas e de sa\u00fade para os indiv\u00edduos e as organiza\u00e7\u00f5es que necessitam, tais como, hospitais, pris\u00f5es, lares de idosos, institui\u00e7\u00f5es educacionais, igrejas e empresas.<br \/>\n&#8211;\u00a0Ajudar no combate e preven\u00e7\u00e3o do abuso de drogas e \u00e1lcool proporcionando assist\u00eancia, tratamento e reabilita\u00e7\u00e3o\u00a0 a estes dependentes e seus familiares.<br \/>\n&#8211; Apoiar os esfor\u00e7os destinados a melhorar a qualidade de vida das pessoas e do meio ambiente onde elas vivem atarv\u00e9s do desenvolvimento de\u00a0atividades de educa\u00e7\u00e3o, sociais, culturais e ambientais.<br \/>\n&#8211;\u00a0Oferecer e promover oportunidades de educa\u00e7\u00e3o continua a todos os capel\u00e3es\u00a0para que possam desempenhar\u00a0melhor a sua atividade de ajuda aos necessitados.<br \/>\n&#8211;\u00a0Aumentar o conhecimento, respeito e valoriza\u00e7\u00e3o de capel\u00e3es da INTERCHAP, dentro de\u00a0suas comunidades em todos os lugares.<br \/>\n&#8211;\u00a0Utilizar todos os meios e esfor\u00e7os necess\u00e1rios para cumprir os seus fins, incluindo a organiza\u00e7\u00e3o de unidades de servi\u00e7o\u00a0que se fizerem\u00a0necess\u00e1rio para o desempenho de suas atividades.<\/p>\n","protected":false},"excerpt":{"rendered":"<p>International Chaplains Association &#8211; INTERCHAP GLOBAL Estes s\u00e3o os nossos principais objetivos: &#8211;\u00a0Facilitar o encorajamento m\u00fatuo, apoio e compreens\u00e3o entre os capel\u00e3es de todo o mundo. &#8211; Apoiar e promover a capelania volunt\u00e1ria e\u00a0para&#46;&#46;&#46;<\/p>\n","protected":false},"author":1,"featured_media":0,"parent":0,"menu_order":0,"comment_status":"closed","ping_status":"closed","template":"","meta":{"_mc_calendar":[],"footnotes":""},"class_list":["post-2","page","type-page","status-publish","hentry"],"jetpack_likes_enabled":true,"jetpack_sharing_enabled":true,"_links":{"self":[{"href":"https:\/\/interchap.org\/pt\/wp-json\/wp\/v2\/pages\/2","targetHints":{"allow":["GET"]}}],"collection":[{"href":"https:\/\/interchap.org\/pt\/wp-json\/wp\/v2\/pages"}],"about":[{"href":"https:\/\/interchap.org\/pt\/wp-json\/wp\/v2\/types\/page"}],"author":[{"embeddable":true,"href":"https:\/\/interchap.org\/pt\/wp-json\/wp\/v2\/users\/1"}],"replies":[{"embeddable":true,"href":"https:\/\/interchap.org\/pt\/wp-json\/wp\/v2\/comments?post=2"}],"version-history":[{"count":5,"href":"https:\/\/interchap.org\/pt\/wp-json\/wp\/v2\/pages\/2\/revisions"}],"predecessor-version":[{"id":8589,"href":"https:\/\/interchap.org\/pt\/wp-json\/wp\/v2\/pages\/2\/revisions\/8589"}],"wp:attachment":[{"href":"https:\/\/interchap.org\/pt\/wp-json\/wp\/v2\/media?parent=2"}],"curies":[{"name":"wp","href":"https:\/\/api.w.org\/{rel}","templated":true}]}}