{"id":1540,"date":"2019-07-17T08:26:40","date_gmt":"2019-07-17T12:26:40","guid":{"rendered":"https:\/\/interchap.org\/pt\/?page_id=1540"},"modified":"2022-07-24T00:21:44","modified_gmt":"2022-07-24T04:21:44","slug":"blog","status":"publish","type":"page","link":"https:\/\/interchap.org\/pt\/blog\/","title":{"rendered":"Blog"},"content":{"rendered":"<p>Nesta p\u00e1gina voc\u00ea pode acompanhar os nossos posts&#8230;<\/p>\n<p><a href=\"https:\/\/interchap.org\/pt\/compromisso-com-quem\/\">Compromisso com quem?<\/a><\/p>\n<p><a href=\"https:\/\/interchap.org\/pt\/voluntarios\/\">Volunt\u00e1rios<\/a><\/p>\n","protected":false},"excerpt":{"rendered":"<p>Nesta p\u00e1gina voc\u00ea pode acompanhar os nossos posts&#8230; Compromisso com quem? Volunt\u00e1rios<\/p>\n","protected":false},"author":1,"featured_media":0,"parent":0,"menu_order":0,"comment_status":"closed","ping_status":"closed","template":"","meta":{"_mc_calendar":[],"footnotes":""},"class_list":["post-1540","page","type-page","status-publish","hentry"],"jetpack_likes_enabled":true,"jetpack_sharing_enabled":true,"_links":{"self":[{"href":"https:\/\/interchap.org\/pt\/wp-json\/wp\/v2\/pages\/1540","targetHints":{"allow":["GET"]}}],"collection":[{"href":"https:\/\/interchap.org\/pt\/wp-json\/wp\/v2\/pages"}],"about":[{"href":"https:\/\/interchap.org\/pt\/wp-json\/wp\/v2\/types\/page"}],"author":[{"embeddable":true,"href":"https:\/\/interchap.org\/pt\/wp-json\/wp\/v2\/users\/1"}],"replies":[{"embeddable":true,"href":"https:\/\/interchap.org\/pt\/wp-json\/wp\/v2\/comments?post=1540"}],"version-history":[{"count":3,"href":"https:\/\/interchap.org\/pt\/wp-json\/wp\/v2\/pages\/1540\/revisions"}],"predecessor-version":[{"id":8848,"href":"https:\/\/interchap.org\/pt\/wp-json\/wp\/v2\/pages\/1540\/revisions\/8848"}],"wp:attachment":[{"href":"https:\/\/interchap.org\/pt\/wp-json\/wp\/v2\/media?parent=1540"}],"curies":[{"name":"wp","href":"https:\/\/api.w.org\/{rel}","templated":true}]}}