{"id":1225,"date":"2019-06-08T07:54:34","date_gmt":"2019-06-08T11:54:34","guid":{"rendered":"https:\/\/interchap.org\/pt\/?page_id=1225"},"modified":"2024-07-14T19:42:08","modified_gmt":"2024-07-14T18:42:08","slug":"traducao","status":"publish","type":"page","link":"https:\/\/interchap.org\/pt\/traducao\/","title":{"rendered":"Tradu\u00e7\u00e3o"},"content":{"rendered":"\r\n<p><strong>Escolha o idioma de sua prefer\u00eancia:<\/strong><\/p>\r\n<p><span style=\"color: #3366ff;\"><a style=\"color: #3366ff;\" href=\"https:\/\/interchap.org\/br\"><strong>PORTUGU\u00caS (BRASIL)<\/strong><\/a><\/span><\/p>\r\n<p><span style=\"color: #3366ff;\">\r\n\r\n<\/span><\/p>\r\n<p><span style=\"color: #3366ff;\"><a style=\"color: #3366ff;\" href=\"https:\/\/interchap.org\"><strong>ENGLISH<\/strong><\/a><\/span><\/p>\r\n<p><span style=\"color: #3366ff;\">\r\n\r\n<\/span><\/p>\r\n<p><span style=\"color: #3366ff;\"><strong><a style=\"color: #3366ff;\" href=\"https:\/\/interchap.org\/es\">ESPA\u00d1OL<\/a><\/strong><\/span><\/p>\r\n","protected":false},"excerpt":{"rendered":"<p>Escolha o idioma de sua prefer\u00eancia: PORTUGU\u00caS (BRASIL) ENGLISH ESPA\u00d1OL<\/p>\n","protected":false},"author":1,"featured_media":0,"parent":0,"menu_order":0,"comment_status":"closed","ping_status":"closed","template":"","meta":{"_mc_calendar":[],"footnotes":""},"class_list":["post-1225","page","type-page","status-publish","hentry"],"jetpack_likes_enabled":true,"jetpack_sharing_enabled":true,"_links":{"self":[{"href":"https:\/\/interchap.org\/pt\/wp-json\/wp\/v2\/pages\/1225","targetHints":{"allow":["GET"]}}],"collection":[{"href":"https:\/\/interchap.org\/pt\/wp-json\/wp\/v2\/pages"}],"about":[{"href":"https:\/\/interchap.org\/pt\/wp-json\/wp\/v2\/types\/page"}],"author":[{"embeddable":true,"href":"https:\/\/interchap.org\/pt\/wp-json\/wp\/v2\/users\/1"}],"replies":[{"embeddable":true,"href":"https:\/\/interchap.org\/pt\/wp-json\/wp\/v2\/comments?post=1225"}],"version-history":[{"count":2,"href":"https:\/\/interchap.org\/pt\/wp-json\/wp\/v2\/pages\/1225\/revisions"}],"predecessor-version":[{"id":9223,"href":"https:\/\/interchap.org\/pt\/wp-json\/wp\/v2\/pages\/1225\/revisions\/9223"}],"wp:attachment":[{"href":"https:\/\/interchap.org\/pt\/wp-json\/wp\/v2\/media?parent=1225"}],"curies":[{"name":"wp","href":"https:\/\/api.w.org\/{rel}","templated":true}]}}