{"id":1127,"date":"2019-04-13T00:10:28","date_gmt":"2019-04-13T04:10:28","guid":{"rendered":"https:\/\/interchap.org\/pt\/?page_id=1127"},"modified":"2023-06-09T17:20:09","modified_gmt":"2023-06-09T16:20:09","slug":"servico","status":"publish","type":"page","link":"https:\/\/interchap.org\/pt\/servico\/","title":{"rendered":"Servi\u00e7o"},"content":{"rendered":"<div class=\"members-access-error\">\n<p>Para ter acesso a est\u00e1 p\u00e1gina voc\u00ea dever\u00e1 ser um Capel\u00e3o da International Chaplains Association &#8211; INTERCHAP GLOBAL e estar com seu e-mail registrado em nosso site.<\/p>\n<p>Se voc\u00ea ainda n\u00e3o solicitou o registro de seu e-mail como um Capel\u00e3o Volunt\u00e1rio fa\u00e7a isto agora clicando <a href=\"https:\/\/interchap.org\/pt\/voluntario\/\"><span style=\"color: #ff0000\"><strong>NESTE LINK.<\/strong><\/span><\/a><\/p>\n<\/div>\n","protected":false},"excerpt":{"rendered":"<div class=\"members-access-error\">\n<p>Para ter acesso a est\u00e1 p\u00e1gina voc\u00ea dever\u00e1 ser um Capel\u00e3o da International Chaplains Association &#8211; INTERCHAP GLOBAL e estar com seu e-mail registrado em nosso site.<\/p>\n<p>Se voc\u00ea ainda n\u00e3o solicitou o registro de seu e-mail como um Capel\u00e3o Volunt\u00e1rio fa\u00e7a isto agora clicando <a href=\"https:\/\/interchap.org\/pt\/voluntario\/\"><span style=\"color: #ff0000\"><strong>NESTE LINK.<\/strong><\/span><\/a><\/p>\n<\/div>\n","protected":false},"author":1,"featured_media":0,"parent":0,"menu_order":0,"comment_status":"closed","ping_status":"closed","template":"","meta":{"_mc_calendar":[],"footnotes":""},"class_list":["post-1127","page","type-page","status-publish","hentry"],"jetpack_likes_enabled":true,"jetpack_sharing_enabled":true,"_links":{"self":[{"href":"https:\/\/interchap.org\/pt\/wp-json\/wp\/v2\/pages\/1127","targetHints":{"allow":["GET"]}}],"collection":[{"href":"https:\/\/interchap.org\/pt\/wp-json\/wp\/v2\/pages"}],"about":[{"href":"https:\/\/interchap.org\/pt\/wp-json\/wp\/v2\/types\/page"}],"author":[{"embeddable":true,"href":"https:\/\/interchap.org\/pt\/wp-json\/wp\/v2\/users\/1"}],"replies":[{"embeddable":true,"href":"https:\/\/interchap.org\/pt\/wp-json\/wp\/v2\/comments?post=1127"}],"version-history":[{"count":5,"href":"https:\/\/interchap.org\/pt\/wp-json\/wp\/v2\/pages\/1127\/revisions"}],"predecessor-version":[{"id":9229,"href":"https:\/\/interchap.org\/pt\/wp-json\/wp\/v2\/pages\/1127\/revisions\/9229"}],"wp:attachment":[{"href":"https:\/\/interchap.org\/pt\/wp-json\/wp\/v2\/media?parent=1127"}],"curies":[{"name":"wp","href":"https:\/\/api.w.org\/{rel}","templated":true}]}}