{"id":1119,"date":"2019-04-11T00:16:23","date_gmt":"2019-04-11T04:16:23","guid":{"rendered":"https:\/\/interchap.org\/pt\/?page_id=1119"},"modified":"2024-03-06T16:24:35","modified_gmt":"2024-03-06T16:24:35","slug":"europa","status":"publish","type":"page","link":"https:\/\/interchap.org\/pt\/europa\/","title":{"rendered":"Europa"},"content":{"rendered":"\r\n<h4 class=\"wp-block-heading\" style=\"text-align: center;\">Para voc\u00ea renovar sua credencial exitem duas op\u00e7\u00f5es<\/h4>\r\n\r\n\r\n\r\n<p style=\"text-align: center;\"><strong>Op\u00e7\u00e3o 1:<\/strong> Se voc\u00ea mudou de endere\u00e7o, telefone, precisa adicionar algum dado, ou deseja trocar a foto da credencial, <span style=\"color: #0000ff;\"><strong><a style=\"color: #0000ff;\" href=\"https:\/\/interchap.org\/pt\/op-5\/\">CLIQUE AQUI.<\/a><\/strong><\/span><\/p>\r\n\r\n\r\n\r\n<p style=\"text-align: center;\"><strong>Op\u00e7\u00e3o 2:<\/strong> Se os dados da credencial est\u00e3o corretos e n\u00e3o h\u00e1 nenhuma altera\u00e7\u00e3o, <span style=\"color: #0000ff;\"><strong><a style=\"color: #0000ff;\" href=\"https:\/\/interchap.org\/pt\/op-6\/\">CLIQUE AQUI.<\/a><\/strong><\/span><\/p>\r\n<p style=\"text-align: center;\"><strong>Op\u00e7\u00e3o 3:<\/strong> Fa\u00e7a o pagamento de sua RENOVA\u00c7\u00c3O diretamente em nosso site. <a href=\"https:\/\/interchap.org\/pt\/loja\/\"><span style=\"color: #0000ff;\"><strong>CLIQUE AQUI<\/strong><\/span><\/a><\/p>\r\n<p style=\"text-align: center;\"><strong><em>(Valor da renova\u00e7\u00e3o por um ano \u20ac 44.00\u00a0 \u00a0 \u00a0Valor da renova\u00e7\u00e3o para 2 anos \u20ac 77.00)<\/em><\/strong><\/p>\r\n<p style=\"text-align: center;\"><strong><span style=\"color: #ff0000;\">NOS INFORME DE QUE VOC\u00ca EFETUOU A RENOVA\u00c7\u00c3O E O PAGAMENTO<\/span><br \/><span style=\"color: #ff0000;\">ATRAV\u00c9S DO<\/span> (email: interchap@interchap.org)<\/strong><\/p>\r\n<p style=\"text-align: center;\"><strong><span style=\"color: #ff0000;\">ATEN\u00c7\u00c3O:\u00a0<\/span>\u00c9 necess\u00e1rio efetuar o pagamento para que voc\u00ea possa receber sua credencial. Se voc\u00ea encontrar dificuldades em finalizar o pagamento entre em contato conosco pelo e-mail: renew@interchap.org<\/strong><\/p>\r\n","protected":false},"excerpt":{"rendered":"<p>Para voc\u00ea renovar sua credencial exitem duas op\u00e7\u00f5es Op\u00e7\u00e3o 1: Se voc\u00ea mudou de endere\u00e7o, telefone, precisa adicionar algum dado, ou deseja trocar a foto da credencial, CLIQUE AQUI. Op\u00e7\u00e3o 2: Se os dados&#46;&#46;&#46;<\/p>\n","protected":false},"author":1,"featured_media":0,"parent":0,"menu_order":0,"comment_status":"closed","ping_status":"closed","template":"","meta":{"_mc_calendar":[],"footnotes":""},"class_list":["post-1119","page","type-page","status-publish","hentry"],"jetpack_likes_enabled":true,"jetpack_sharing_enabled":true,"_links":{"self":[{"href":"https:\/\/interchap.org\/pt\/wp-json\/wp\/v2\/pages\/1119","targetHints":{"allow":["GET"]}}],"collection":[{"href":"https:\/\/interchap.org\/pt\/wp-json\/wp\/v2\/pages"}],"about":[{"href":"https:\/\/interchap.org\/pt\/wp-json\/wp\/v2\/types\/page"}],"author":[{"embeddable":true,"href":"https:\/\/interchap.org\/pt\/wp-json\/wp\/v2\/users\/1"}],"replies":[{"embeddable":true,"href":"https:\/\/interchap.org\/pt\/wp-json\/wp\/v2\/comments?post=1119"}],"version-history":[{"count":6,"href":"https:\/\/interchap.org\/pt\/wp-json\/wp\/v2\/pages\/1119\/revisions"}],"predecessor-version":[{"id":9293,"href":"https:\/\/interchap.org\/pt\/wp-json\/wp\/v2\/pages\/1119\/revisions\/9293"}],"wp:attachment":[{"href":"https:\/\/interchap.org\/pt\/wp-json\/wp\/v2\/media?parent=1119"}],"curies":[{"name":"wp","href":"https:\/\/api.w.org\/{rel}","templated":true}]}}