{"id":10,"date":"2014-08-05T03:54:32","date_gmt":"2014-08-05T07:54:32","guid":{"rendered":"https:\/\/interchap.org\/pt\/?page_id=10"},"modified":"2023-12-08T14:44:53","modified_gmt":"2023-12-08T14:44:53","slug":"eventos","status":"publish","type":"page","link":"https:\/\/interchap.org\/pt\/eventos\/","title":{"rendered":"Eventos"},"content":{"rendered":"<h1 style=\"text-align: center;\"><span style=\"color: #ff0000;\"><strong>Pr\u00f3ximos Eventos de Capelania!<\/strong><\/span><\/h1>\n<p style=\"text-align: center;\"><span style=\"text-align: center;\">================================================<\/span><\/p>\n<h3 class=\"fittexted_for_content_h3\" style=\"text-align: center;\">9 DE MAR\u00c7O DE 2024<\/h3>\n<h2 class=\"fittexted_for_content_h2\" style=\"text-align: center;\">CONFRATERNIZA\u00c7\u00c3O E REUNI\u00c3O INTERCHAP<\/h2>\n<h3 class=\"fittexted_for_content_h3\" style=\"text-align: center;\">POMPANO BEACH \u2013 FL<\/h3>\n<p style=\"text-align: center;\"><strong>(Maiores detalhes em breve)<\/strong><\/p>\n<p style=\"text-align: center;\"><span style=\"text-align: center;\">================================================<\/span><\/p>\n<h1 style=\"text-align: center;\"><span style=\"color: #ff0000;\"><strong>NOVIDADE:<\/strong><\/span><\/h1>\n<p style=\"text-align: center;\"><strong>Temos tamb\u00e9m a op\u00e7\u00e3o do Curso Online em Portugues!<\/strong><br \/>\n<span style=\"color: #0000ff;\"><strong><a style=\"color: #0000ff;\" href=\"https:\/\/interchapglobal.org\/br\/inscricao\/\" target=\"_blank\" rel=\"noopener\">Inscreva-se: Curso de Capelania Voluntaria Internacional Online!<\/a><\/strong><\/span><\/p>\n","protected":false},"excerpt":{"rendered":"<p>Pr\u00f3ximos Eventos de Capelania! ================================================ 9 DE MAR\u00c7O DE 2024 CONFRATERNIZA\u00c7\u00c3O E REUNI\u00c3O INTERCHAP POMPANO BEACH \u2013 FL (Maiores detalhes em breve) ================================================ NOVIDADE: Temos tamb\u00e9m a op\u00e7\u00e3o do Curso Online em Portugues! Inscreva-se:&#46;&#46;&#46;<\/p>\n","protected":false},"author":1,"featured_media":0,"parent":0,"menu_order":0,"comment_status":"closed","ping_status":"closed","template":"","meta":{"_mc_calendar":[],"footnotes":""},"class_list":["post-10","page","type-page","status-publish","hentry"],"jetpack_likes_enabled":true,"jetpack_sharing_enabled":true,"_links":{"self":[{"href":"https:\/\/interchap.org\/pt\/wp-json\/wp\/v2\/pages\/10","targetHints":{"allow":["GET"]}}],"collection":[{"href":"https:\/\/interchap.org\/pt\/wp-json\/wp\/v2\/pages"}],"about":[{"href":"https:\/\/interchap.org\/pt\/wp-json\/wp\/v2\/types\/page"}],"author":[{"embeddable":true,"href":"https:\/\/interchap.org\/pt\/wp-json\/wp\/v2\/users\/1"}],"replies":[{"embeddable":true,"href":"https:\/\/interchap.org\/pt\/wp-json\/wp\/v2\/comments?post=10"}],"version-history":[{"count":6,"href":"https:\/\/interchap.org\/pt\/wp-json\/wp\/v2\/pages\/10\/revisions"}],"predecessor-version":[{"id":9263,"href":"https:\/\/interchap.org\/pt\/wp-json\/wp\/v2\/pages\/10\/revisions\/9263"}],"wp:attachment":[{"href":"https:\/\/interchap.org\/pt\/wp-json\/wp\/v2\/media?parent=10"}],"curies":[{"name":"wp","href":"https:\/\/api.w.org\/{rel}","templated":true}]}}