{"id":4002,"date":"2023-03-09T14:24:04","date_gmt":"2023-03-09T19:24:04","guid":{"rendered":"https:\/\/interchap.org\/es\/?page_id=4002"},"modified":"2023-03-09T14:39:29","modified_gmt":"2023-03-09T19:39:29","slug":"op-1-por","status":"publish","type":"page","link":"https:\/\/interchap.org\/es\/op-1-por\/","title":{"rendered":""},"content":{"rendered":"<p style=\"text-align: center;\"><div style=\"display:none\" class=\"fm-form-container fm-theme16\"><div id=\"fm-pages21\" class=\"fm-pages wdform_page_navigation \" show_title=\"\" show_numbers=\"\" type=\"none\"><\/div><form name=\"form21\" action=\"\/es\/wp-json\/wp\/v2\/pages\/4002\" method=\"post\" id=\"form21\" class=\"fm-form form21  \" enctype=\"multipart\/form-data\"><input type=\"hidden\" id=\"fm_page_id21\" value=\"4002\" name=\"fm_page_id21\" \/><input type=\"hidden\" id=\"fm_current_post_type21\" value=\"page\" name=\"fm_current_post_type21\" \/><input type=\"hidden\" id=\"counter21\" value=\"27\" name=\"counter21\" \/><input type=\"hidden\" id=\"Itemid21\" value=\"\" name=\"Itemid21\" \/><input type=\"hidden\" id=\"fm_shake21\" value=\"1\" name=\"fm_shake21\" \/><input type=\"text\" class=\"fm-hide\" id=\"fm_empty_field_validation21\" value=\"\" name=\"fm_empty_field_validation21\" data-value=\"bd736efb144d599cf463541431fbf5c4\" \/><div class=\"fm-header-bg\"><div class=\"fm-header \"><div class=\"fm-header-text\">          <div class=\"fm-header-title\">            Formul\u00e1rio de Renova\u00e7\u00e3o \u20ac          <\/div>          <div class=\"fm-header-description\">                      <\/div>        <\/div><\/div><\/div><div class=\"wdform-page-and-images fm-form-builder\"><div id=\"21form_view1\" class=\"wdform_page\" page_title=\"Untitled page\" next_title=\"Next\" next_type=\"text\" next_class=\"wdform-page-button\" next_checkable=\"true\" previous_title=\"Previous\" previous_type=\"text\" previous_class=\"wdform-page-button\" previous_checkable=\"false\"><div class=\"wdform_section\"><div class=\"wdform_column\"><div wdid=\"2\" class=\"wdform_row\"><div type=\"type_editor\" class=\"wdform-field\"><p data-mce-style=\"text-align: center;\" style=\"text-align: center;\"><strong>INTERNATIONAL CHAPLAINS ASSOCIATION<\/strong><br><strong>INTERCHAP-GLOBAL<\/strong><br><strong>FORMUL\u00c1RIO DE RENOVA\u00c7\u00c3O DA CREDENCIAL<\/strong><br>Renova\u00e7\u00e3o por um ano <font face=\"Open Sans, Helvetica, Arial, sans-serif\">\u20ac44.00<\/font><\/p><p data-mce-style=\"text-align: center;\" style=\"text-align: center;\"><strong>PROMO\u00c7\u00c3O<\/strong><br>Renova\u00e7\u00e3o por dois anos <font face=\"Open Sans, Helvetica, Arial, sans-serif\">\u20ac77.00<\/font><\/p><p data-mce-style=\"text-align: center;\" style=\"text-align: center;\"><strong><span data-mce-style=\"color: #ff0000;\" style=\"color: rgb(255, 0, 0);\">Todos os campos com (*) s\u00e3o obrigat\u00f3rios<\/span><\/strong><\/p><\/div><\/div><\/div><div class=\"wdform_column\"><div wdid=\"3\" class=\"wdform_row\"><div type=\"type_radio\" class=\"wdform-field wd-width-100 wd-flex wd-flex-column fm-type_radio\" ><div class=\"wdform-label-section wd-width-100  wd-flex-wrap wd-flex-column\">    <label  class=\"wdform-label\">Escolha uma Op\u00e7\u00e3o:<\/label><span class=\"wdform-required\">*<\/span><\/div><div class=\"wdform-element-section wd-flex  wd-flex-wrap wd-flex-column wd-width-100\" ><div class=\"wd-flex wd-flex-column\"><input type=\"hidden\" name=\"wdform_3_element21\" value=\"\" \/><div class=\"radio-div wd-choice wd-flex wd-flex-row-reverse wd-justify-content\"><input type=\"radio\"  id=\"wdform_3_element210\" name=\"wdform_3_element21\" value=\"1 Ano \u20ac44.00\" onclick=\"set_default(&quot;wdform_3&quot;,&quot;0&quot;,&quot;21&quot;); \"   \/><label class=\"wd-align-items-center wd-flex wd-flex-row-reverse wd-justify-content wd-width-100\" for=\"wdform_3_element210\"><span><\/span>1 Ano \u20ac44.00<\/label><\/div><div class=\"radio-div wd-choice wd-flex wd-flex-row-reverse wd-justify-content\"><input type=\"radio\"  id=\"wdform_3_element211\" name=\"wdform_3_element21\" value=\"2 Anos \u20ac77.00\" onclick=\"set_default(&quot;wdform_3&quot;,&quot;1&quot;,&quot;21&quot;); \"   \/><label class=\"wd-align-items-center wd-flex wd-flex-row-reverse wd-justify-content wd-width-100\" for=\"wdform_3_element211\"><span><\/span>2 Anos \u20ac77.00<\/label><\/div><\/div><\/div><\/div><\/div><\/div><div class=\"wdform_column\"><div wdid=\"4\" class=\"wdform_row\"><div type=\"type_text\" class=\"wdform-field wd-width-100 wd-flex wd-flex-column fm-type_text\" ><div class=\"wdform-label-section wd-width-100  wd-flex-row wd-align-items-center\">    <label  for=\"wdform_4_element21\" class=\"wdform-label\">Nome Completo: <\/label><span class=\"wdform-required\">*<\/span><\/div><div class=\"wdform-element-section wd-flex  wd-flex-row wd-align-items-center wd-width-100\" ><input type=\"text\"                           class=\"wd-width-100\"                           id=\"wdform_4_element21\"                           name=\"wdform_4_element21\"                           value=\"\"                           title=\"\"                           placeholder=\"\"                                                       \/><\/div><\/div><\/div><\/div><div class=\"wdform_column\"><div wdid=\"5\" class=\"wdform_row\"><div type=\"type_text\" class=\"wdform-field wd-width-100 wd-flex wd-flex-column fm-type_text\" ><div class=\"wdform-label-section wd-width-100  wd-flex-row wd-align-items-center\">    <label  for=\"wdform_5_element21\" class=\"wdform-label\">N\u00famero do Distintivo:<\/label><span class=\"wdform-required\">*<\/span><\/div><div class=\"wdform-element-section wd-flex  wd-flex-row wd-align-items-center wd-width-100\" ><input type=\"text\"                           class=\"wd-width-100\"                           id=\"wdform_5_element21\"                           name=\"wdform_5_element21\"                           value=\"\"                           title=\"\"                           placeholder=\"\"                                                       \/><\/div><\/div><\/div><div wdid=\"6\" class=\"wdform_row\" style=\"position: relative; left: 0px; top: 0px;\"><div type=\"type_own_select\" class=\"wdform-field wd-width-100 wd-flex wd-flex-column fm-type_own_select\" ><div class=\"wdform-label-section wd-width-100 wdform_select wd-flex-row\">    <label  for=\"wdform_6_element21\" class=\"wdform-label\">Gradua\u00e7\u00e3o Atual:<\/label><span class=\"wdform-required\">*<\/span><\/div><div class=\"wdform-element-section wd-flex wdform_select wd-flex-row wd-width-100\" ><select class=\"wd-width-100\" id=\"wdform_6_element21\" name=\"wdform_6_element21\" ><option value=\"Selecione\" selected=\"selected\">Selecione<\/option><option value=\"Sub Tenente\" >Sub Tenente<\/option><option value=\"Segundo Tenente\" >Segundo Tenente<\/option><option value=\"Primeiro Tenente\" >Primeiro Tenente<\/option><option value=\"Capit\u00e3o\" >Capit\u00e3o<\/option><option value=\"Major\" >Major<\/option><option value=\"Tenente Coronel\" >Tenente Coronel<\/option><option value=\"Coronel\" >Coronel<\/option><\/select><\/div><\/div><\/div><\/div><div class=\"wdform_column\"><div wdid=\"7\" class=\"wdform_row\"><div type=\"type_submitter_mail\" class=\"wdform-field wd-width-100 wd-flex wd-flex-column fm-type_submitter_mail\" ><div class=\"wdform-label-section wd-width-100  wd-flex-row\">    <label  for=\"wdform_7_element21\" class=\"wdform-label\">Email:<\/label><span class=\"wdform-required\">*<\/span><\/div><div class=\"wdform-element-section wd-flex  wd-flex-row wd-width-100\" ><input type=\"text\" class=\"wd-width-100\" id=\"wdform_7_element21\" name=\"wdform_7_element21\" value=\"\" title=\"\" placeholder=\"\"   onchange=\"wd_check_email('7', '21', 'Esto no es una direcci\u00f3n v\u00e1lida de email')\" \/><\/div><\/div><\/div><\/div><div class=\"wdform_column\"><div wdid=\"8\" class=\"wdform_row\"><div type=\"type_text\" class=\"wdform-field wd-width-100 wd-flex wd-flex-column fm-type_text\" ><div class=\"wdform-label-section wd-width-100  wd-flex-row wd-align-items-center\">    <label  for=\"wdform_8_element21\" class=\"wdform-label\">Endere\u00e7o (rua e n\u00famero)<\/label><span class=\"wdform-required\">*<\/span><\/div><div class=\"wdform-element-section wd-flex  wd-flex-row wd-align-items-center wd-width-100\" ><input type=\"text\"                           class=\"wd-width-100\"                           id=\"wdform_8_element21\"                           name=\"wdform_8_element21\"                           value=\"\"                           title=\"\"                           placeholder=\"\"                                                       \/><\/div><\/div><\/div><div wdid=\"9\" class=\"wdform_row\" style=\"position: relative; left: 0px; top: 0px;\"><div type=\"type_text\" class=\"wdform-field wd-width-100 wd-flex wd-flex-column fm-type_text\" ><div class=\"wdform-label-section wd-width-100  wd-flex-row wd-align-items-center\">    <label  for=\"wdform_9_element21\" class=\"wdform-label\">Complemento (Nr. Apt.\/Bairro\/Vila\/Aldeia<\/label><\/div><div class=\"wdform-element-section wd-flex  wd-flex-row wd-align-items-center wd-width-100\" ><input type=\"text\"                           class=\"wd-width-100\"                           id=\"wdform_9_element21\"                           name=\"wdform_9_element21\"                           value=\"\"                           title=\"\"                           placeholder=\"\"                                                       \/><\/div><\/div><\/div><\/div><div class=\"wdform_column\"><div wdid=\"10\" class=\"wdform_row\"><div type=\"type_text\" class=\"wdform-field wd-width-100 wd-flex wd-flex-column fm-type_text\" ><div class=\"wdform-label-section wd-width-100  wd-flex-row wd-align-items-center\">    <label  for=\"wdform_10_element21\" class=\"wdform-label\">Cidade:<\/label><span class=\"wdform-required\">*<\/span><\/div><div class=\"wdform-element-section wd-flex  wd-flex-row wd-align-items-center wd-width-100\" ><input type=\"text\"                           class=\"wd-width-100\"                           id=\"wdform_10_element21\"                           name=\"wdform_10_element21\"                           value=\"\"                           title=\"\"                           placeholder=\"\"                                                       \/><\/div><\/div><\/div><div wdid=\"11\" class=\"wdform_row\" style=\"position: relative; left: 0px; top: 0px;\"><div type=\"type_text\" class=\"wdform-field wd-width-100 wd-flex wd-flex-column fm-type_text\" ><div class=\"wdform-label-section wd-width-100  wd-flex-row wd-align-items-center\">    <label  for=\"wdform_11_element21\" class=\"wdform-label\">Distrito:<\/label><span class=\"wdform-required\">*<\/span><\/div><div class=\"wdform-element-section wd-flex  wd-flex-row wd-align-items-center wd-width-100\" ><input type=\"text\"                           class=\"wd-width-100\"                           id=\"wdform_11_element21\"                           name=\"wdform_11_element21\"                           value=\"\"                           title=\"\"                           placeholder=\"\"                                                       \/><\/div><\/div><\/div><\/div><div class=\"wdform_column\"><div wdid=\"12\" class=\"wdform_row\"><div type=\"type_text\" class=\"wdform-field wd-width-100 wd-flex wd-flex-column fm-type_text\" ><div class=\"wdform-label-section wd-width-100  wd-flex-row wd-align-items-center\">    <label  for=\"wdform_12_element21\" class=\"wdform-label\">CEP (c\u00f3digo Postal):<\/label><span class=\"wdform-required\">*<\/span><\/div><div class=\"wdform-element-section wd-flex  wd-flex-row wd-align-items-center wd-width-100\" ><input type=\"text\"                           class=\"wd-width-100\"                           id=\"wdform_12_element21\"                           name=\"wdform_12_element21\"                           value=\"\"                           title=\"\"                           placeholder=\"\"                                                       \/><\/div><\/div><\/div><div wdid=\"13\" class=\"wdform_row\" style=\"position: relative; left: 0px; top: 0px;\"><div type=\"type_text\" class=\"wdform-field wd-width-100 wd-flex wd-flex-column fm-type_text\" ><div class=\"wdform-label-section wd-width-100  wd-flex-row wd-align-items-center\">    <label  for=\"wdform_13_element21\" class=\"wdform-label\">Pa\u00eds:<\/label><span class=\"wdform-required\">*<\/span><\/div><div class=\"wdform-element-section wd-flex  wd-flex-row wd-align-items-center wd-width-100\" ><input type=\"text\"                           class=\"wd-width-100\"                           id=\"wdform_13_element21\"                           name=\"wdform_13_element21\"                           value=\"\"                           title=\"Portugal\"                           placeholder=\"Portugal\"                                                       \/><\/div><\/div><\/div><\/div><div class=\"wdform_column\"><div wdid=\"14\" class=\"wdform_row\"><div type=\"type_text\" class=\"wdform-field wd-width-100 wd-flex wd-flex-column fm-type_text\" ><div class=\"wdform-label-section wd-width-100  wd-flex-row wd-align-items-center\">    <label  for=\"wdform_14_element21\" class=\"wdform-label\">Data de Nascimento<\/label><span class=\"wdform-required\">*<\/span><\/div><div class=\"wdform-element-section wd-flex  wd-flex-row wd-align-items-center wd-width-100\" ><input type=\"text\"                           class=\"wd-width-100\"                           id=\"wdform_14_element21\"                           name=\"wdform_14_element21\"                           value=\"\"                           title=\"dd\/mm\/aaaa\"                           placeholder=\"dd\/mm\/aaaa\"                                                       \/><\/div><\/div><\/div><div wdid=\"15\" class=\"wdform_row\" style=\"position: relative; left: 0px; top: 0px;\"><div type=\"type_radio\" class=\"wdform-field wd-width-100 wd-flex wd-flex-column fm-type_radio\" ><div class=\"wdform-label-section wd-width-100  wd-flex-wrap wd-flex-column\">    <label  class=\"wdform-label\">Qual \u00e9 o seu g\u00eanero?<\/label><span class=\"wdform-required\">*<\/span><\/div><div class=\"wdform-element-section wd-flex  wd-flex-wrap wd-flex-column wd-width-100\" ><div class=\"wd-flex wd-flex-column\"><input type=\"hidden\" name=\"wdform_15_element21\" value=\"\" \/><div class=\"radio-div wd-choice wd-flex wd-flex-row\"><input type=\"radio\"  id=\"wdform_15_element210\" name=\"wdform_15_element21\" value=\"Masculino\" onclick=\"set_default(&quot;wdform_15&quot;,&quot;0&quot;,&quot;21&quot;); \"   \/><label class=\"wd-align-items-center wd-flex wd-flex-row\" for=\"wdform_15_element210\"><span><\/span>Masculino<\/label><\/div><div class=\"radio-div wd-choice wd-flex wd-flex-row\"><input type=\"radio\"  id=\"wdform_15_element211\" name=\"wdform_15_element21\" value=\"Feminino\" onclick=\"set_default(&quot;wdform_15&quot;,&quot;1&quot;,&quot;21&quot;); \"   \/><label class=\"wd-align-items-center wd-flex wd-flex-row\" for=\"wdform_15_element211\"><span><\/span>Feminino<\/label><\/div><\/div><\/div><\/div><\/div><\/div><div class=\"wdform_column\"><div wdid=\"16\" class=\"wdform_row\"><div type=\"type_text\" class=\"wdform-field wd-width-100 wd-flex wd-flex-column fm-type_text\" ><div class=\"wdform-label-section wd-width-100  wd-flex-row wd-align-items-center\">    <label  for=\"wdform_16_element21\" class=\"wdform-label\">N\u00famero da Identidade:<\/label><span class=\"wdform-required\">*<\/span><\/div><div class=\"wdform-element-section wd-flex  wd-flex-row wd-align-items-center wd-width-100\" ><input type=\"text\"                           class=\"wd-width-100\"                           id=\"wdform_16_element21\"                           name=\"wdform_16_element21\"                           value=\"\"                           title=\"\"                           placeholder=\"\"                                                       \/><\/div><\/div><\/div><div wdid=\"17\" class=\"wdform_row\" style=\"position: relative; left: 0px; top: 0px;\"><div type=\"type_text\" class=\"wdform-field wd-width-100 wd-flex wd-flex-column fm-type_text\" ><div class=\"wdform-label-section wd-width-100  wd-flex-row wd-align-items-center\">    <label  for=\"wdform_17_element21\" class=\"wdform-label\">Org\u00e3o Expedidor:<\/label><span class=\"wdform-required\">*<\/span><\/div><div class=\"wdform-element-section wd-flex  wd-flex-row wd-align-items-center wd-width-100\" ><input type=\"text\"                           class=\"wd-width-100\"                           id=\"wdform_17_element21\"                           name=\"wdform_17_element21\"                           value=\"\"                           title=\"\"                           placeholder=\"\"                                                       \/><\/div><\/div><\/div><\/div><div class=\"wdform_column\"><div wdid=\"18\" class=\"wdform_row\"><div type=\"type_phone_new\" class=\"wdform-field wd-width-100 wd-flex wd-flex-column fm-type_phone_new\" ><div class=\"wdform-label-section wd-width-100 \">    <label  for=\"wdform_18_element21\" class=\"wdform-label\">Telefone Residencial:<\/label><\/div><div class=\"wdform-element-section wd-flex  wd-width-100\" ><input type=\"text\"                       class=\"wd-width-100\"                       id=\"wdform_18_element21\"                       name=\"wdform_18_element21\"                       value=\"\"                       placeholder=\"\"  \/><\/div><\/div><\/div><div wdid=\"19\" class=\"wdform_row\" style=\"position: relative; left: 0px; top: 0px;\"><div type=\"type_phone_new\" class=\"wdform-field wd-width-100 wd-flex wd-flex-column fm-type_phone_new\" ><div class=\"wdform-label-section wd-width-100 \">    <label  for=\"wdform_19_element21\" class=\"wdform-label\">Telefone Telem\u00f3vel:<\/label><span class=\"wdform-required\">*<\/span><\/div><div class=\"wdform-element-section wd-flex  wd-width-100\" ><input type=\"text\"                       class=\"wd-width-100\"                       id=\"wdform_19_element21\"                       name=\"wdform_19_element21\"                       value=\"\"                       placeholder=\"\"  \/><\/div><\/div><\/div><\/div><div class=\"wdform_column\"><div wdid=\"20\" class=\"wdform_row\"><div type=\"type_own_select\" class=\"wdform-field wd-width-100 wd-flex wd-flex-column fm-type_own_select\" ><div class=\"wdform-label-section wd-width-100 wdform_select wd-flex-row\">    <label  for=\"wdform_20_element21\" class=\"wdform-label\">Tipo Sanguineo:<\/label><span class=\"wdform-required\">*<\/span><\/div><div class=\"wdform-element-section wd-flex wdform_select wd-flex-row wd-width-100\" ><select class=\"wd-width-100\" id=\"wdform_20_element21\" name=\"wdform_20_element21\" ><option value=\"Escolha\" selected=\"selected\">Escolha<\/option><option value=\"A + Pos.\" >A + Pos.<\/option><option value=\"A - Neg.\" >A - Neg.<\/option><option value=\"B + Pos.\" >B + Pos.<\/option><option value=\"B - Neg.\" >B - Neg.<\/option><option value=\"AB + Pos.\" >AB + Pos.<\/option><option value=\"AB - Neg.\" >AB - Neg.<\/option><option value=\"O + Pos.\" >O + Pos.<\/option><option value=\"O - Neg.\" >O - Neg.<\/option><option value=\"N\u00e3o Sei\" >N\u00e3o Sei<\/option><\/select><\/div><\/div><\/div><div wdid=\"21\" class=\"wdform_row\" style=\"position: relative; left: 0px; top: 0px;\"><div type=\"type_own_select\" class=\"wdform-field wd-width-100 wd-flex wd-flex-column fm-type_own_select\" ><div class=\"wdform-label-section wd-width-100 wdform_select wd-flex-row\">    <label  for=\"wdform_21_element21\" class=\"wdform-label\">Cor Olhos:<\/label><span class=\"wdform-required\">*<\/span><\/div><div class=\"wdform-element-section wd-flex wdform_select wd-flex-row wd-width-100\" ><select class=\"wd-width-100\" id=\"wdform_21_element21\" name=\"wdform_21_element21\" ><option value=\"Selecione\" selected=\"selected\">Selecione<\/option><option value=\"Cast.\" >Cast.<\/option><option value=\"Preto\" >Preto<\/option><option value=\"Verde\" >Verde<\/option><option value=\"Azul\" >Azul<\/option><option value=\"Cinza\" >Cinza<\/option><\/select><\/div><\/div><\/div><\/div><div class=\"wdform_column\"><div wdid=\"22\" class=\"wdform_row\"><div type=\"type_own_select\" class=\"wdform-field wd-width-100 wd-flex wd-flex-column fm-type_own_select\" ><div class=\"wdform-label-section wd-width-100 wdform_select wd-flex-row\">    <label  for=\"wdform_22_element21\" class=\"wdform-label\">Cor Cabelo:<\/label><span class=\"wdform-required\">*<\/span><\/div><div class=\"wdform-element-section wd-flex wdform_select wd-flex-row wd-width-100\" ><select class=\"wd-width-100\" id=\"wdform_22_element21\" name=\"wdform_22_element21\" ><option value=\"Selecione\" selected=\"selected\">Selecione<\/option><option value=\"Cast.\" >Cast.<\/option><option value=\"Preto\" >Preto<\/option><option value=\"Loiro\" >Loiro<\/option><option value=\"Ruivo\" >Ruivo<\/option><option value=\"Grisal.\" >Grisal.<\/option><option value=\"Branco\" >Branco<\/option><option value=\"Calvo\" >Calvo<\/option><\/select><\/div><\/div><\/div><div wdid=\"23\" class=\"wdform_row\" style=\"position: relative; left: 0px; top: 0px;\"><div type=\"type_text\" class=\"wdform-field wd-width-100 wd-flex wd-flex-column fm-type_text\" ><div class=\"wdform-label-section wd-width-100  wd-flex-row wd-align-items-center\">    <label  for=\"wdform_23_element21\" class=\"wdform-label\">Altura:<\/label><span class=\"wdform-required\">*<\/span><\/div><div class=\"wdform-element-section wd-flex  wd-flex-row wd-align-items-center wd-width-100\" ><input type=\"text\"                           class=\"wd-width-100\"                           id=\"wdform_23_element21\"                           name=\"wdform_23_element21\"                           value=\"\"                           title=\"em metros\"                           placeholder=\"em metros\"                                                       \/><\/div><\/div><\/div><\/div><div class=\"wdform_column\"><div wdid=\"24\" class=\"wdform_row\"><div type=\"type_text\" class=\"wdform-field wd-width-100 wd-flex wd-flex-column fm-type_text\" ><div class=\"wdform-label-section wd-width-100  wd-flex-row wd-align-items-center\">    <label  for=\"wdform_24_element21\" class=\"wdform-label\">Peso:<\/label><span class=\"wdform-required\">*<\/span><\/div><div class=\"wdform-element-section wd-flex  wd-flex-row wd-align-items-center wd-width-100\" ><input type=\"text\"                           class=\"wd-width-100\"                           id=\"wdform_24_element21\"                           name=\"wdform_24_element21\"                           value=\"\"                           title=\"em kilos\"                           placeholder=\"em kilos\"                                                       \/><\/div><\/div><\/div><div wdid=\"25\" class=\"wdform_row\" style=\"position: relative; left: 0px; top: 0px;\"><div type=\"type_file_upload\" class=\"wdform-field wd-width-100 wd-flex wd-flex-column fm-type_file_upload\" ><div class=\"wdform-label-section wd-width-100  wd-flex-column\">    <label  for=\"wdform_25_element21\" class=\"wdform-label\">Incluir Foto<\/label><\/div><div class=\"wdform-element-section wd-flex  wd-flex-column wd-width-100\" ><label class=\"file-upload\"><div class=\"file-picker\"><\/div><input type=\"file\" id=\"wdform_25_element21\" name=\"wdform_25_file21[]\"   \/><\/label><\/div><\/div><\/div><\/div><div class=\"wdform_column\"><div wdid=\"26\" class=\"wdform_row\"><div type=\"type_editor\" class=\"wdform-field\"><p data-mce-style=\"text-align: center;\" style=\"text-align: center;\"><strong><span data-mce-style=\"color: #ff0000;\" style=\"color: rgb(255, 0, 0);\">Quando voce precionar o bot\u00e3o ENVIAR, voc\u00ea est\u00e1 declarando que todas as informa\u00e7\u00f5es s\u00e3o verdadeiras.<\/span><\/strong><\/p><p data-mce-style=\"text-align: center;\" style=\"text-align: center;\">Ap\u00f3s clicar o bot\u00e3o\u00a0<strong>Enviar<\/strong>\u00a0voc\u00ea ser\u00e1 direcionado para a p\u00e1gina com as op\u00e7\u00f5es de pagamento. Muito obrigado e que Deus aben\u00e7oe a tua vida, fam\u00edlia e minist\u00e9rio!<\/p><\/div><\/div><\/div><div class=\"wdform_column\"><div wdid=\"1\" class=\"wdform_row\"><div type=\"type_submit_reset\" class=\"wdform-field wd-width-100 wd-flex wd-flex-column fm-type_submit_reset\" ><div class=\"wdform-element-section wd-flex  wd-flex-row wd-width-100\" ><button  type=\"button\" class=\"button-submit\" onclick=\"fm_submit_form('21');\"  data-ajax=\"0\"><span class=\"fm-submit-loading spinner fm-ico-spinner\"><\/span>Submit<\/button><button  type=\"button\" class=\"button-reset wd-hidden\" onclick=\"fm_reset_form(21);\" >Reset<\/button><\/div><\/div><\/div><\/div><\/div><div valign=\"top\" class=\"wdform_footer wd-width-100\"><div class=\"wd-width-100\"><div class=\"wd-width-100 wd-table\" style=\"padding-top:10px;\"><div class=\"wd-table-group\"><div id=\"21page_nav1\" class=\"wd-table-row\"><\/div><\/div><\/div><\/div><\/div><\/div><\/div><div class=\"wdform_preload\"><\/div><input type=\"hidden\" name=\"fm-current-page\" value=\"https:\/\/interchap.org\/es\/wp-json\/wp\/v2\/pages\/4002\" \/><\/form><\/div>\n","protected":false},"excerpt":{"rendered":"","protected":false},"author":1,"featured_media":0,"parent":0,"menu_order":0,"comment_status":"closed","ping_status":"closed","template":"","meta":{"footnotes":""},"class_list":["post-4002","page","type-page","status-publish","hentry"],"jetpack_sharing_enabled":true,"_links":{"self":[{"href":"https:\/\/interchap.org\/es\/wp-json\/wp\/v2\/pages\/4002","targetHints":{"allow":["GET"]}}],"collection":[{"href":"https:\/\/interchap.org\/es\/wp-json\/wp\/v2\/pages"}],"about":[{"href":"https:\/\/interchap.org\/es\/wp-json\/wp\/v2\/types\/page"}],"author":[{"embeddable":true,"href":"https:\/\/interchap.org\/es\/wp-json\/wp\/v2\/users\/1"}],"replies":[{"embeddable":true,"href":"https:\/\/interchap.org\/es\/wp-json\/wp\/v2\/comments?post=4002"}],"version-history":[{"count":3,"href":"https:\/\/interchap.org\/es\/wp-json\/wp\/v2\/pages\/4002\/revisions"}],"predecessor-version":[{"id":4010,"href":"https:\/\/interchap.org\/es\/wp-json\/wp\/v2\/pages\/4002\/revisions\/4010"}],"wp:attachment":[{"href":"https:\/\/interchap.org\/es\/wp-json\/wp\/v2\/media?parent=4002"}],"curies":[{"name":"wp","href":"https:\/\/api.w.org\/{rel}","templated":true}]}}