{"id":3993,"date":"2023-03-09T10:06:04","date_gmt":"2023-03-09T15:06:04","guid":{"rendered":"https:\/\/interchap.org\/es\/?page_id=3993"},"modified":"2023-03-09T14:29:21","modified_gmt":"2023-03-09T19:29:21","slug":"renovacao-portugal","status":"publish","type":"page","link":"https:\/\/interchap.org\/es\/renovacao-portugal\/","title":{"rendered":"Renova\u00e7\u00e3o Portugal"},"content":{"rendered":"<h4 class=\"fittexted_for_content_h4\" style=\"text-align: center;\">Para voc\u00ea renovar sua credencial exitem duas op\u00e7\u00f5es<\/h4>\n<p style=\"text-align: center;\"><strong>Op\u00e7\u00e3o 1:<\/strong>\u00a0Se voc\u00ea mudou de endere\u00e7o, telefone, precisa adicionar algum dado, ou deseja trocar a foto da credencial,\u00a0<span style=\"color: #0000ff;\"><a style=\"color: #0000ff;\" href=\"https:\/\/interchap.org\/es\/op-1-por\/\" target=\"_blank\" rel=\"noopener\"><strong>CLIQUE AQUI.<\/strong><\/a><\/span><\/p>\n<p style=\"text-align: center;\"><strong>Op\u00e7\u00e3o 2:<\/strong>\u00a0Se os dados da credencial est\u00e3o corretos e n\u00e3o h\u00e1 nenhuma altera\u00e7\u00e3o,\u00a0<span style=\"color: #0000ff;\"><a style=\"color: #0000ff;\" href=\"https:\/\/interchap.org\/es\/op-2-por\/\" target=\"_blank\" rel=\"noopener\"><strong>CLIQUE AQUI.<\/strong><\/a><\/span><\/p>\n<p>&nbsp;<\/p>\n<p style=\"text-align: center;\"><strong><span style=\"color: #ff0000;\">ATEN\u00c7\u00c3O:<\/span>\u00a0\u00c9 necess\u00e1rio efetuar o pagamento para que voc\u00ea possa receber sua credencial. Se voc\u00ea encontrar dificuldades em finalizar o pagamento entre em contato conosco pelo e-mail: renew@interchap.org<\/strong><\/p>\n","protected":false},"excerpt":{"rendered":"<p>Para voc\u00ea renovar sua credencial exitem duas op\u00e7\u00f5es Op\u00e7\u00e3o 1:\u00a0Se voc\u00ea mudou de endere\u00e7o, telefone, precisa adicionar algum dado, ou deseja trocar a foto da credencial,\u00a0CLIQUE AQUI. Op\u00e7\u00e3o 2:\u00a0Se os dados da credencial est\u00e3o&#46;&#46;&#46;<\/p>\n","protected":false},"author":1,"featured_media":0,"parent":0,"menu_order":0,"comment_status":"closed","ping_status":"closed","template":"","meta":{"footnotes":""},"class_list":["post-3993","page","type-page","status-publish","hentry"],"jetpack_sharing_enabled":true,"_links":{"self":[{"href":"https:\/\/interchap.org\/es\/wp-json\/wp\/v2\/pages\/3993","targetHints":{"allow":["GET"]}}],"collection":[{"href":"https:\/\/interchap.org\/es\/wp-json\/wp\/v2\/pages"}],"about":[{"href":"https:\/\/interchap.org\/es\/wp-json\/wp\/v2\/types\/page"}],"author":[{"embeddable":true,"href":"https:\/\/interchap.org\/es\/wp-json\/wp\/v2\/users\/1"}],"replies":[{"embeddable":true,"href":"https:\/\/interchap.org\/es\/wp-json\/wp\/v2\/comments?post=3993"}],"version-history":[{"count":4,"href":"https:\/\/interchap.org\/es\/wp-json\/wp\/v2\/pages\/3993\/revisions"}],"predecessor-version":[{"id":4009,"href":"https:\/\/interchap.org\/es\/wp-json\/wp\/v2\/pages\/3993\/revisions\/4009"}],"wp:attachment":[{"href":"https:\/\/interchap.org\/es\/wp-json\/wp\/v2\/media?parent=3993"}],"curies":[{"name":"wp","href":"https:\/\/api.w.org\/{rel}","templated":true}]}}