{"id":20,"date":"2019-06-07T14:40:45","date_gmt":"2019-06-07T19:40:45","guid":{"rendered":"https:\/\/interchap.org\/es\/?page_id=20"},"modified":"2023-07-04T10:41:32","modified_gmt":"2023-07-04T15:41:32","slug":"facebook","status":"publish","type":"page","link":"https:\/\/interchap.org\/es\/facebook\/","title":{"rendered":"Facebook"},"content":{"rendered":"<h3 style=\"text-align: center;\"><span style=\"color: #3366ff;\"><strong>Vea c\u00f3mo le est\u00e1 yendo a Interchap Global en Facebook!<br \/>\n<span style=\"color: #ff0000;\">Sigue y gusta a tu p\u00e1gina favorita!<\/span><\/strong><\/span><\/h3>\n<div class=\"su-row\">\n<div class=\"su-column su-column-size-1-2\"><div class=\"su-column-inner su-u-clearfix su-u-trim\">\n<a href=\"https:\/\/www.facebook.com\/interchap.global.pt\/\" target=\"_blank\" rel=\"noopener\"><img loading=\"lazy\" decoding=\"async\" class=\"alignleft wp-image-9102 size-medium\" src=\"https:\/\/interchap.org\/pt\/wp-content\/uploads\/2023\/05\/FB-PORTUGAL-300x74.jpg\" alt=\"\" width=\"300\" height=\"74\" \/><\/a><br \/>\n<a href=\"https:\/\/www.facebook.com\/Interchap-Global-Nederland-1578958832160600\/\" target=\"_blank\" rel=\"noopener\"><img loading=\"lazy\" decoding=\"async\" class=\"alignleft wp-image-9101 size-medium\" src=\"https:\/\/interchap.org\/pt\/wp-content\/uploads\/2023\/05\/FB-NEDERLAND-300x74.jpg\" alt=\"\" width=\"300\" height=\"74\" \/><\/a><br \/>\n<a href=\"https:\/\/www.facebook.com\/Interchap-Global-Switzerland-368690597054601\/\" target=\"_blank\" rel=\"noopener\"><img loading=\"lazy\" decoding=\"async\" class=\"alignleft wp-image-9103 size-medium\" src=\"https:\/\/interchap.org\/pt\/wp-content\/uploads\/2023\/05\/FB-SCHWEIZ-300x75.jpg\" alt=\"\" width=\"300\" height=\"75\" \/><\/a><br \/>\n<a href=\"https:\/\/www.facebook.com\/interchap.global.usa\/\" target=\"_blank\" rel=\"noopener\"><img loading=\"lazy\" decoding=\"async\" class=\"wp-image-9110 size-medium alignleft\" src=\"https:\/\/interchap.org\/pt\/wp-content\/uploads\/2023\/05\/FB-USA-300x78.jpg\" alt=\"\" width=\"300\" height=\"78\" \/><\/a><\/p>\n<p><a href=\"https:\/\/www.facebook.com\/Interchap-Global-USA-NJ-108961098499359\" target=\"_blank\" rel=\"noopener\"><img loading=\"lazy\" decoding=\"async\" class=\"wp-image-9105 size-medium alignleft\" src=\"https:\/\/interchap.org\/pt\/wp-content\/uploads\/2023\/05\/FB-USA-NJ-300x76.jpg\" alt=\"\" width=\"300\" height=\"76\" \/><\/a><\/p>\n<p><a href=\"https:\/\/www.facebook.com\/interchap.global.usa.ma\/\" target=\"_blank\" rel=\"noopener\"> <img loading=\"lazy\" decoding=\"async\" class=\"wp-image-9118 size-medium alignleft\" src=\"https:\/\/interchap.org\/pt\/wp-content\/uploads\/2023\/05\/FB-USA-MA-300x76.jpg\" alt=\"\" width=\"300\" height=\"76\" \/> <\/a><br \/>\n<a href=\"https:\/\/www.facebook.com\/interchap.global.usa.md\/ \" target=\"_blank\" rel=\"noopener\"><img loading=\"lazy\" decoding=\"async\" class=\"alignleft wp-image-9119 size-medium\" src=\"https:\/\/interchap.org\/pt\/wp-content\/uploads\/2023\/05\/FB-USA-MD-300x77.jpg\" alt=\"\" width=\"300\" height=\"77\" \/><\/a><br \/>\n<a href=\"https:\/\/www.facebook.com\/Interchap-Global-USA-MI-119056664524903\" target=\"_blank\" rel=\"noopener\"><img loading=\"lazy\" decoding=\"async\" class=\"alignleft wp-image-9120 size-medium\" src=\"https:\/\/interchap.org\/pt\/wp-content\/uploads\/2023\/05\/FB-USA-MI-300x76.jpg\" alt=\"\" width=\"300\" height=\"76\" \/><\/a><a href=\"https:\/\/www.facebook.com\/Interchap-Global-USA-TX-118580771239219\" target=\"_blank\" rel=\"noopener\"><img loading=\"lazy\" decoding=\"async\" class=\"alignleft wp-image-9108 size-medium\" src=\"https:\/\/interchap.org\/pt\/wp-content\/uploads\/2023\/05\/FB-USA-TX-300x75.jpg\" alt=\"\" width=\"300\" height=\"75\" \/><\/a><\/p>\n<p><a href=\"https:\/\/www.facebook.com\/interchapglobalbrasil\" target=\"_blank\" rel=\"noopener\"><img loading=\"lazy\" decoding=\"async\" class=\"wp-image-9115 size-medium alignleft\" src=\"https:\/\/interchap.org\/pt\/wp-content\/uploads\/2023\/05\/FB-BRASIL-300x75.jpg\" alt=\"\" width=\"300\" height=\"75\" \/><\/a><\/p>\n<p>&nbsp;<\/p>\n<p><a href=\"https:\/\/www.facebook.com\/interchap.global.br.sc\" target=\"_blank\" rel=\"noopener\"><img loading=\"lazy\" decoding=\"async\" class=\"wp-image-9113 size-medium alignleft\" src=\"https:\/\/interchap.org\/pt\/wp-content\/uploads\/2023\/05\/FB-BRASIL-SC-300x75.jpg\" alt=\"\" width=\"300\" height=\"75\" \/><\/a><\/p>\n<p><a href=\"https:\/\/www.facebook.com\/interchap.global.br.sp\/\" target=\"_blank\" rel=\"noopener\"><img loading=\"lazy\" decoding=\"async\" class=\"wp-image-9114 size-medium alignleft\" src=\"https:\/\/interchap.org\/pt\/wp-content\/uploads\/2023\/05\/FB-BRASIL-SP-300x75.jpg\" alt=\"\" width=\"300\" height=\"75\" \/><\/a><\/p>\n<p><a href=\"https:\/\/www.facebook.com\/interchap.global.br.rj\/\" target=\"_blank\" rel=\"noopener\"><img loading=\"lazy\" decoding=\"async\" class=\"wp-image-9111 size-medium alignleft\" src=\"https:\/\/interchap.org\/pt\/wp-content\/uploads\/2023\/05\/FB-BRASIL-RJ-300x74.jpg\" alt=\"\" width=\"300\" height=\"74\" \/><\/a><\/p>\n<p><a href=\"https:\/\/www.facebook.com\/interchap.global.br.mg\/\" target=\"_blank\" rel=\"noopener\"><img loading=\"lazy\" decoding=\"async\" class=\"wp-image-9095 size-medium alignleft\" src=\"https:\/\/interchap.org\/pt\/wp-content\/uploads\/2023\/05\/FB-BRASIL-MG-300x75.jpg\" alt=\"\" width=\"300\" height=\"75\" \/><\/a><\/p>\n<\/div><\/div> <div class=\"su-column su-column-size-1-2\"><div class=\"su-column-inner su-u-clearfix su-u-trim\">\n<a href=\"https:\/\/www.facebook.com\/Interchap-Global-Belgium-114874701233430\" target=\"_blank\" rel=\"noopener\"><img loading=\"lazy\" decoding=\"async\" class=\"alignright wp-image-9093 size-medium\" src=\"https:\/\/interchap.org\/pt\/wp-content\/uploads\/2023\/05\/FB-BELGIQUE-300x75.jpg\" alt=\"\" width=\"300\" height=\"75\" \/><\/a><br \/>\n<a href=\"https:\/\/www.facebook.com\/Interchap-Global-Italia-100619279347168\" target=\"_blank\" rel=\"noopener\"><img loading=\"lazy\" decoding=\"async\" class=\"alignright wp-image-9100 size-medium\" src=\"https:\/\/interchap.org\/pt\/wp-content\/uploads\/2023\/05\/FB-ITALIA-300x74.jpg\" alt=\"\" width=\"300\" height=\"74\" \/><\/a><br \/>\n<a href=\"https:\/\/www.facebook.com\/Interchap-Global-Espa%C3%B1a-1122771794566663\/\" target=\"_blank\" rel=\"noopener\"><img loading=\"lazy\" decoding=\"async\" class=\"alignright wp-image-9099 size-medium\" src=\"https:\/\/interchap.org\/pt\/wp-content\/uploads\/2023\/05\/FB-ESPANA-300x74.jpg\" alt=\"\" width=\"300\" height=\"74\" \/><\/a><\/p>\n<p><a href=\"https:\/\/www.facebook.com\/interchap.global.usa.fl\/\" target=\"_blank\" rel=\"noopener\"><img loading=\"lazy\" decoding=\"async\" class=\"alignright wp-image-9117 size-medium\" src=\"https:\/\/interchap.org\/pt\/wp-content\/uploads\/2023\/05\/FB-USA-FL-300x75.jpg\" alt=\"\" width=\"300\" height=\"75\" \/><\/a><\/p>\n<p>&nbsp;<\/p>\n<p><a href=\"https:\/\/www.facebook.com\/Interchap-Global-USA-NY-123039554122468\" target=\"_blank\" rel=\"noopener\"><img loading=\"lazy\" decoding=\"async\" class=\"alignright wp-image-9106 size-medium\" src=\"https:\/\/interchap.org\/pt\/wp-content\/uploads\/2023\/05\/FB-USA-NY-300x75.jpg\" alt=\"\" width=\"300\" height=\"75\" \/><\/a><\/p>\n<p>&nbsp;<\/p>\n<p>&nbsp;<\/p>\n<p><a href=\"https:\/\/www.facebook.com\/interchap.global.usa.ct\/\" target=\"_blank\" rel=\"noopener\"><img loading=\"lazy\" decoding=\"async\" class=\"alignright wp-image-9116 size-medium\" src=\"https:\/\/interchap.org\/pt\/wp-content\/uploads\/2023\/05\/FB-USA-CT-300x75.jpg\" alt=\"\" width=\"300\" height=\"75\" \/><\/a><\/p>\n<p>&nbsp;<\/p>\n<p>&nbsp;<\/p>\n<p><a href=\"https:\/\/www.facebook.com\/Interchap-Global-USA-VA-102588906186982\" target=\"_blank\" rel=\"noopener\"><img loading=\"lazy\" decoding=\"async\" class=\"alignright wp-image-9109 size-medium\" src=\"https:\/\/interchap.org\/pt\/wp-content\/uploads\/2023\/05\/FB-USA-VA-300x74.jpg\" alt=\"\" width=\"300\" height=\"74\" \/><\/a><\/p>\n<p>&nbsp;<\/p>\n<p>&nbsp;<\/p>\n<p>&nbsp;<\/p>\n<p><a href=\"https:\/\/www.facebook.com\/Interchap-Global-USA-al-108248662277021\" target=\"_blank\" rel=\"noopener\"><img loading=\"lazy\" decoding=\"async\" class=\"alignright wp-image-9104 size-medium\" src=\"https:\/\/interchap.org\/pt\/wp-content\/uploads\/2023\/05\/FB-USA-AL-300x76.jpg\" alt=\"\" width=\"300\" height=\"76\" \/><\/a><\/p>\n<p>&nbsp;<\/p>\n<p>&nbsp;<\/p>\n<p><a href=\"https:\/\/www.facebook.com\/interchap.global.usa.pa\/\" target=\"_blank\" rel=\"noopener\"><img loading=\"lazy\" decoding=\"async\" class=\"wp-image-9107 size-medium alignright\" src=\"https:\/\/interchap.org\/pt\/wp-content\/uploads\/2023\/05\/FB-USA-PA-300x75.jpg\" alt=\"\" width=\"300\" height=\"75\" \/><\/a><\/p>\n<p><a href=\"https:\/\/www.facebook.com\/interchap.global.br.rs\/\" target=\"_blank\" rel=\"noopener\"><img loading=\"lazy\" decoding=\"async\" class=\"wp-image-9112 size-medium alignright\" src=\"https:\/\/interchap.org\/pt\/wp-content\/uploads\/2023\/05\/FB-BRASIL-RS-300x75.jpg\" alt=\"\" width=\"300\" height=\"75\" \/><\/a><\/p>\n<p>&nbsp;<\/p>\n<p><a href=\"https:\/\/www.facebook.com\/interchap.global.br.pr\/\" target=\"_blank\" rel=\"noopener\"><img loading=\"lazy\" decoding=\"async\" class=\"alignright wp-image-9098 size-medium\" src=\"https:\/\/interchap.org\/pt\/wp-content\/uploads\/2023\/05\/FB-BRASIL-PR-300x75.jpg\" alt=\"\" width=\"300\" height=\"75\" \/><\/a><\/p>\n<p>&nbsp;<\/p>\n<p><a href=\"https:\/\/www.facebook.com\/interchap.global.br.sp\/\" target=\"_blank\" rel=\"noopener\"><img loading=\"lazy\" decoding=\"async\" class=\"alignright wp-image-9114 size-medium\" src=\"https:\/\/interchap.org\/pt\/wp-content\/uploads\/2023\/05\/FB-BRASIL-SP-300x75.jpg\" alt=\"\" width=\"300\" height=\"75\" \/><\/a><\/p>\n<p>&nbsp;<\/p>\n<p>&nbsp;<\/p>\n<p><a href=\"https:\/\/www.facebook.com\/interchap.global.br.es\/\" target=\"_blank\" rel=\"noopener\"><img loading=\"lazy\" decoding=\"async\" class=\"alignright wp-image-9094 size-medium\" src=\"https:\/\/interchap.org\/pt\/wp-content\/uploads\/2023\/05\/FB-BRASIL-ES-300x74.jpg\" alt=\"\" width=\"300\" height=\"74\" \/><\/a><\/p>\n<p>&nbsp;<\/p>\n<p>&nbsp;<\/p>\n<p><a href=\"https:\/\/www.facebook.com\/interchap.global.br.mt\" target=\"_blank\" rel=\"noopener\"><img loading=\"lazy\" decoding=\"async\" class=\"alignright wp-image-9096 size-medium\" src=\"https:\/\/interchap.org\/pt\/wp-content\/uploads\/2023\/05\/FB-BRASIL-MT-300x74.jpg\" alt=\"\" width=\"300\" height=\"74\" \/><\/a><\/p>\n<p>&nbsp;<\/p>\n<p>&nbsp;<\/p>\n<p>&nbsp;<\/p>\n<p>&nbsp;<\/p>\n<p>&nbsp;<\/p>\n<\/div><\/div>\n<\/div>\n","protected":false},"excerpt":{"rendered":"<p>Vea c\u00f3mo le est\u00e1 yendo a Interchap Global en Facebook! Sigue y gusta a tu p\u00e1gina favorita!<\/p>\n","protected":false},"author":1,"featured_media":0,"parent":0,"menu_order":0,"comment_status":"closed","ping_status":"closed","template":"","meta":{"footnotes":""},"class_list":["post-20","page","type-page","status-publish","hentry"],"jetpack_sharing_enabled":true,"_links":{"self":[{"href":"https:\/\/interchap.org\/es\/wp-json\/wp\/v2\/pages\/20","targetHints":{"allow":["GET"]}}],"collection":[{"href":"https:\/\/interchap.org\/es\/wp-json\/wp\/v2\/pages"}],"about":[{"href":"https:\/\/interchap.org\/es\/wp-json\/wp\/v2\/types\/page"}],"author":[{"embeddable":true,"href":"https:\/\/interchap.org\/es\/wp-json\/wp\/v2\/users\/1"}],"replies":[{"embeddable":true,"href":"https:\/\/interchap.org\/es\/wp-json\/wp\/v2\/comments?post=20"}],"version-history":[{"count":6,"href":"https:\/\/interchap.org\/es\/wp-json\/wp\/v2\/pages\/20\/revisions"}],"predecessor-version":[{"id":4030,"href":"https:\/\/interchap.org\/es\/wp-json\/wp\/v2\/pages\/20\/revisions\/4030"}],"wp:attachment":[{"href":"https:\/\/interchap.org\/es\/wp-json\/wp\/v2\/media?parent=20"}],"curies":[{"name":"wp","href":"https:\/\/api.w.org\/{rel}","templated":true}]}}