{"id":16,"date":"2019-06-07T14:39:41","date_gmt":"2019-06-07T19:39:41","guid":{"rendered":"https:\/\/interchap.org\/es\/?page_id=16"},"modified":"2023-12-08T09:53:25","modified_gmt":"2023-12-08T14:53:25","slug":"eventos","status":"publish","type":"page","link":"https:\/\/interchap.org\/es\/eventos\/","title":{"rendered":"Eventos"},"content":{"rendered":"\r\n<h1 class=\"wp-block-heading\" style=\"text-align: center;\"><span style=\"color: #ff0000;\"><strong>Pr\u00f3ximos Eventos de Capellan\u00eda!<\/strong><\/span><\/h1>\r\n<p style=\"text-align: center;\"><span style=\"text-align: center;\">==================================================<\/span><\/p>\r\n\r\n\r\n\r\n\r\n\r\n<h3 style=\"text-align: center;\">9 DE MARZO DE 2024<br \/>CONFRATERNIZACI\u00d3N Y REUNI\u00d3N INTERCHAP<br \/>POMPANO BEACH &#8211; FL<\/h3>\r\n<p style=\"text-align: center;\"><strong>(M\u00e1s detalles pr\u00f3ximamente)<\/strong><\/p>\r\n<p style=\"text-align: center;\"><span style=\"text-align: center;\">==================================================<\/span><\/p>\r\n","protected":false},"excerpt":{"rendered":"<p>Pr\u00f3ximos Eventos de Capellan\u00eda! ================================================== 9 DE MARZO DE 2024CONFRATERNIZACI\u00d3N Y REUNI\u00d3N INTERCHAPPOMPANO BEACH &#8211; FL (M\u00e1s detalles pr\u00f3ximamente) ==================================================<\/p>\n","protected":false},"author":1,"featured_media":0,"parent":0,"menu_order":0,"comment_status":"closed","ping_status":"closed","template":"","meta":{"footnotes":""},"class_list":["post-16","page","type-page","status-publish","hentry"],"jetpack_sharing_enabled":true,"_links":{"self":[{"href":"https:\/\/interchap.org\/es\/wp-json\/wp\/v2\/pages\/16","targetHints":{"allow":["GET"]}}],"collection":[{"href":"https:\/\/interchap.org\/es\/wp-json\/wp\/v2\/pages"}],"about":[{"href":"https:\/\/interchap.org\/es\/wp-json\/wp\/v2\/types\/page"}],"author":[{"embeddable":true,"href":"https:\/\/interchap.org\/es\/wp-json\/wp\/v2\/users\/1"}],"replies":[{"embeddable":true,"href":"https:\/\/interchap.org\/es\/wp-json\/wp\/v2\/comments?post=16"}],"version-history":[{"count":6,"href":"https:\/\/interchap.org\/es\/wp-json\/wp\/v2\/pages\/16\/revisions"}],"predecessor-version":[{"id":4034,"href":"https:\/\/interchap.org\/es\/wp-json\/wp\/v2\/pages\/16\/revisions\/4034"}],"wp:attachment":[{"href":"https:\/\/interchap.org\/es\/wp-json\/wp\/v2\/media?parent=16"}],"curies":[{"name":"wp","href":"https:\/\/api.w.org\/{rel}","templated":true}]}}