{"id":12,"date":"2019-06-07T14:37:56","date_gmt":"2019-06-07T19:37:56","guid":{"rendered":"https:\/\/interchap.org\/es\/?page_id=12"},"modified":"2019-06-07T20:45:43","modified_gmt":"2019-06-08T01:45:43","slug":"acerca","status":"publish","type":"page","link":"https:\/\/interchap.org\/es\/acerca\/","title":{"rendered":"Acerca"},"content":{"rendered":"\r\n<h1 class=\"wp-block-heading\" style=\"text-align: center;\"><span style=\"color: #ff0000;\">International Chaplains Association<\/span><\/h1>\r\n<h3 style=\"text-align: center;\">INTERCHAP GLOBAL<\/h3>\r\n\r\n\r\n\r\n<p><strong>Nuestros principales objetivos son:<\/strong><\/p>\r\n\r\n\r\n\r\n<p>&#8211; Facilitar el est\u00edmulo mutuo, el apoyo y la comprensi\u00f3n entre los capellanes de todo el mundo.<br \/>&#8211; Apoyar y promover la capellan\u00eda profesional y salvaguardar los altos est\u00e1ndares profesionales entre los capellanes de todo el mundo.<br \/>&#8211; Para proporcionar servicios espirituales, psicol\u00f3gicos y de atenci\u00f3n m\u00e9dica a individuos y organizaciones necesitadas, incluidos, entre otros, hospitales, prisiones, hogares de ancianos, instituciones educativas, iglesias y empresas.<br \/>&#8211; Para ayudar en el combate y la prevenci\u00f3n del abuso de drogas y alcohol y proporcionar tratamiento y asistencia de rehabilitaci\u00f3n a los adictos y alcoh\u00f3licos utilizando todos los medios disponibles.<br \/>&#8211; Apoyar los esfuerzos dirigidos a mejorar la calidad de vida de las personas y el medio ambiente mediante actividades de educaci\u00f3n social, cultural y ambiental.<br \/>&#8211; Anunciar y brindar oportunidades para la educaci\u00f3n continua que aborden especialmente las necesidades y preocupaciones de los capellanes y que fortalezcan sus habilidades para satisfacer las necesidades de sus comunidades.<br \/>&#8211; Aumentar la conciencia, el respeto y el aprecio por los capellanes de \u00e1rea y el INTERCHAP dentro de nuestras comunidades alrededor del mundo.<br \/>&#8211; Usar todos los medios y esfuerzos necesarios para cumplir con sus prop\u00f3sitos, incluida la organizaci\u00f3n en tantas unidades de servicio como sea necesario y la creaci\u00f3n de instituciones de servicio, incluidos, entre otros, instituciones educativas y centros de rehabilitaci\u00f3n que utilizan los recursos de INTERCHAP y recursos recibidos a trav\u00e9s de subvenciones federales y estatales.<\/p>\r\n","protected":false},"excerpt":{"rendered":"<p>International Chaplains Association INTERCHAP GLOBAL Nuestros principales objetivos son: &#8211; Facilitar el est\u00edmulo mutuo, el apoyo y la comprensi\u00f3n entre los capellanes de todo el mundo.&#8211; Apoyar y promover la capellan\u00eda profesional y salvaguardar&#46;&#46;&#46;<\/p>\n","protected":false},"author":1,"featured_media":0,"parent":0,"menu_order":0,"comment_status":"closed","ping_status":"closed","template":"","meta":{"footnotes":""},"class_list":["post-12","page","type-page","status-publish","hentry"],"jetpack_sharing_enabled":true,"_links":{"self":[{"href":"https:\/\/interchap.org\/es\/wp-json\/wp\/v2\/pages\/12","targetHints":{"allow":["GET"]}}],"collection":[{"href":"https:\/\/interchap.org\/es\/wp-json\/wp\/v2\/pages"}],"about":[{"href":"https:\/\/interchap.org\/es\/wp-json\/wp\/v2\/types\/page"}],"author":[{"embeddable":true,"href":"https:\/\/interchap.org\/es\/wp-json\/wp\/v2\/users\/1"}],"replies":[{"embeddable":true,"href":"https:\/\/interchap.org\/es\/wp-json\/wp\/v2\/comments?post=12"}],"version-history":[{"count":8,"href":"https:\/\/interchap.org\/es\/wp-json\/wp\/v2\/pages\/12\/revisions"}],"predecessor-version":[{"id":193,"href":"https:\/\/interchap.org\/es\/wp-json\/wp\/v2\/pages\/12\/revisions\/193"}],"wp:attachment":[{"href":"https:\/\/interchap.org\/es\/wp-json\/wp\/v2\/media?parent=12"}],"curies":[{"name":"wp","href":"https:\/\/api.w.org\/{rel}","templated":true}]}}