{"id":83,"date":"2020-04-22T15:06:22","date_gmt":"2020-04-22T15:06:22","guid":{"rendered":"https:\/\/interchap.org\/dir\/?page_id=83"},"modified":"2026-01-28T16:57:04","modified_gmt":"2026-01-28T21:57:04","slug":"profile","status":"publish","type":"page","link":"https:\/\/interchap.org\/dir\/profile\/","title":{"rendered":"PROFILE"},"content":{"rendered":"<div class=\"members-access-error\">\n<p>Esta p\u00e1gina s\u00f3 pode ser acessada por <strong>capel\u00e3es<\/strong> devidamente <strong>registrados<\/strong> e com suas credenciais <strong>em dia<\/strong>.<br \/>Se voc\u00ea precisa alterar sua senha, <span style=\"color: #ff0000\"><strong><a style=\"color: #ff0000\" href=\"https:\/\/interchap.org\/dir\/change\/\">CLIQUE AQUI!<\/a><\/strong><\/span><br \/>Se voc\u00ea precisa fazer seu LOGIN, <span style=\"color: #ff0000\"><strong><a style=\"color: #ff0000\" href=\"https:\/\/interchap.org\/dir\/minha-pagina\/login\/\">CLIQUE AQUI!<\/a><\/strong><\/span><\/p>\n<\/div>\n","protected":false},"excerpt":{"rendered":"<div class=\"members-access-error\">\n<p>Esta p\u00e1gina s\u00f3 pode ser acessada por <strong>capel\u00e3es<\/strong> devidamente <strong>registrados<\/strong> e com suas credenciais <strong>em dia<\/strong>.<br \/>Se voc\u00ea precisa alterar sua senha, <span style=\"color: #ff0000\"><strong><a style=\"color: #ff0000\" href=\"https:\/\/interchap.org\/dir\/change\/\">CLIQUE AQUI!<\/a><\/strong><\/span><br \/>Se voc\u00ea precisa fazer seu LOGIN, <span style=\"color: #ff0000\"><strong><a style=\"color: #ff0000\" href=\"https:\/\/interchap.org\/dir\/minha-pagina\/login\/\">CLIQUE AQUI!<\/a><\/strong><\/span><\/p>\n<\/div>\n","protected":false},"author":1,"featured_media":0,"parent":0,"menu_order":0,"comment_status":"closed","ping_status":"closed","template":"template-page-builder.php","meta":{"footnotes":""},"class_list":["post-83","page","type-page","status-publish","hentry"],"jetpack_sharing_enabled":true,"_links":{"self":[{"href":"https:\/\/interchap.org\/dir\/wp-json\/wp\/v2\/pages\/83","targetHints":{"allow":["GET"]}}],"collection":[{"href":"https:\/\/interchap.org\/dir\/wp-json\/wp\/v2\/pages"}],"about":[{"href":"https:\/\/interchap.org\/dir\/wp-json\/wp\/v2\/types\/page"}],"author":[{"embeddable":true,"href":"https:\/\/interchap.org\/dir\/wp-json\/wp\/v2\/users\/1"}],"replies":[{"embeddable":true,"href":"https:\/\/interchap.org\/dir\/wp-json\/wp\/v2\/comments?post=83"}],"version-history":[{"count":9,"href":"https:\/\/interchap.org\/dir\/wp-json\/wp\/v2\/pages\/83\/revisions"}],"predecessor-version":[{"id":5965,"href":"https:\/\/interchap.org\/dir\/wp-json\/wp\/v2\/pages\/83\/revisions\/5965"}],"wp:attachment":[{"href":"https:\/\/interchap.org\/dir\/wp-json\/wp\/v2\/media?parent=83"}],"curies":[{"name":"wp","href":"https:\/\/api.w.org\/{rel}","templated":true}]}}