{"id":6283,"date":"2025-11-27T08:05:29","date_gmt":"2025-11-27T12:05:29","guid":{"rendered":"https:\/\/interchap.org\/dir\/?page_id=6283"},"modified":"2025-11-27T08:33:03","modified_gmt":"2025-11-27T12:33:03","slug":"aniversariantes","status":"publish","type":"page","link":"https:\/\/interchap.org\/dir\/aniversariantes\/","title":{"rendered":"Aniversariantes"},"content":{"rendered":"<h3 style=\"text-align: center;\"><strong>Queremos felicitar nossos Capel\u00e3es aniversariantes do dia de hoje!<\/strong><\/h3>\n<p style=\"text-align: center;\"><em><strong>&#8220;O Senhor te aben\u00e7oe e te guarde;<br \/>\no Senhor fa\u00e7a resplandecer<br \/>\no seu rosto sobre ti<br \/>\ne te conceda gra\u00e7a;<br \/>\no Senhor volte para ti o seu rosto<br \/>\ne te d\u00ea paz.&#8221;<\/strong><\/em><\/p>\n<p style=\"text-align: center;\">        <div class=\"cbc-birthdays-today\">\r\n                            <p>N\u00e3o tem Aniversariantes Hoje!<\/p>\r\n                    <\/div>\r\n        \n","protected":false},"excerpt":{"rendered":"<p>Queremos felicitar nossos Capel\u00e3es aniversariantes do dia de hoje! &#8220;O Senhor te aben\u00e7oe e te guarde; o Senhor fa\u00e7a resplandecer o seu rosto sobre ti e te conceda gra\u00e7a; o Senhor volte para ti&#46;&#46;&#46;<\/p>\n","protected":false},"author":1,"featured_media":0,"parent":0,"menu_order":0,"comment_status":"closed","ping_status":"closed","template":"","meta":{"footnotes":""},"class_list":["post-6283","page","type-page","status-publish","hentry"],"jetpack_sharing_enabled":true,"_links":{"self":[{"href":"https:\/\/interchap.org\/dir\/wp-json\/wp\/v2\/pages\/6283","targetHints":{"allow":["GET"]}}],"collection":[{"href":"https:\/\/interchap.org\/dir\/wp-json\/wp\/v2\/pages"}],"about":[{"href":"https:\/\/interchap.org\/dir\/wp-json\/wp\/v2\/types\/page"}],"author":[{"embeddable":true,"href":"https:\/\/interchap.org\/dir\/wp-json\/wp\/v2\/users\/1"}],"replies":[{"embeddable":true,"href":"https:\/\/interchap.org\/dir\/wp-json\/wp\/v2\/comments?post=6283"}],"version-history":[{"count":10,"href":"https:\/\/interchap.org\/dir\/wp-json\/wp\/v2\/pages\/6283\/revisions"}],"predecessor-version":[{"id":6294,"href":"https:\/\/interchap.org\/dir\/wp-json\/wp\/v2\/pages\/6283\/revisions\/6294"}],"wp:attachment":[{"href":"https:\/\/interchap.org\/dir\/wp-json\/wp\/v2\/media?parent=6283"}],"curies":[{"name":"wp","href":"https:\/\/api.w.org\/{rel}","templated":true}]}}