{"id":6053,"date":"2025-11-22T14:36:26","date_gmt":"2025-11-22T18:36:26","guid":{"rendered":"https:\/\/interchap.org\/dir\/?page_id=6053"},"modified":"2025-11-22T14:46:33","modified_gmt":"2025-11-22T18:46:33","slug":"contato","status":"publish","type":"page","link":"https:\/\/interchap.org\/dir\/contato\/","title":{"rendered":"Contato"},"content":{"rendered":"<p>Se voc\u00ea \u00e9 capel\u00e3o(a) da INTERCHAP ou deseja falar conosco, estamos \u00e0 disposi\u00e7\u00e3o para caminhar com voc\u00ea. Pela p\u00e1gina <strong data-start=\"161\" data-end=\"172\">CONTATO<\/strong>, voc\u00ea pode enviar sua mensagem diretamente \u00e0 nossa equipe, tirar d\u00favidas, solicitar orienta\u00e7\u00f5es, compartilhar necessidades ministeriais ou buscar apoio em sua jornada de capelania. Teremos alegria em responder e ajudar no que for preciso.<\/p>\n<p style=\"text-align: center;\">USE O FORMUL\u00c1RIO ABAIXO:<\/p>\n<p style=\"text-align: center;\">\r\n        \r\n\r\n                <form class=\"wpuf-form-add weforms-6055  wpuf-style\" action=\"\" method=\"post\"   id=\"\">\r\n\r\n            <ul class=\"wpuf-form form-label-above\">\r\n\r\n                        <li class=\"wpuf-el nome_completo field-size-large\" data-label=\"Nome Completo\">\r\n                    <div class=\"wpuf-label\">\r\n            <label for=\"nome_completo_6055\">Nome Completo <span class=\"required\">*<\/span><\/label>\r\n        <\/div>\r\n        \r\n            <div class=\"wpuf-fields\">\r\n                <input\r\n                    class=\"textfield wpuf_nome_completo_6055\"\r\n                    id=\"nome_completo_6055\"\r\n                    type=\"text\"\r\n                    data-duplicate=\"no\"\r\n                    data-required=\"yes\"\r\n                    data-type=\"text\" name=\"nome_completo\"\r\n                    placeholder=\"\"\r\n                    value=\"\"\r\n                    size=\"40\"\r\n                    data-style=\"wpuf-style\"\r\n                \/>\r\n\r\n                <span class=\"wpuf-wordlimit-message wpuf-help\"><\/span>\r\n                            <\/div>\r\n                    <\/li>\r\n                <li class=\"wpuf-el email field-size-large\" data-label=\"Email\">\r\n                    <div class=\"wpuf-label\">\r\n            <label for=\"email_6055\">Email <span class=\"required\">*<\/span><\/label>\r\n        <\/div>\r\n        \r\n            <div class=\"wpuf-fields\">\r\n                <input\r\n                    id=\"email_6055\"\r\n                    type=\"email\"\r\n                    class=\"email  wpuf_email_6055\"\r\n                    data-duplicate=\"\"\r\n                    data-required=\"yes\"\r\n                    data-type=\"email\"\r\n                    data-style=\"wpuf-style\"\r\n                    name=\"email\"\r\n                    placeholder=\"\"\r\n                    value=\"\"\r\n                    size=\"40\"\r\n                    autocomplete=\"email\"\r\n                \/>\r\n                            <\/div>\r\n        <\/li>\r\n                <li class=\"wpuf-el n_mero_do_whatsapp field-size-large\" data-label=\"N\u00famero do WhatsApp\">\r\n                    <div class=\"wpuf-label\">\r\n            <label for=\"n_mero_do_whatsapp_6055\">N\u00famero do WhatsApp<\/label>\r\n        <\/div>\r\n        \r\n            <div class=\"wpuf-fields\">\r\n                <input\r\n                    class=\"textfield wpuf_n_mero_do_whatsapp_6055\"\r\n                    id=\"n_mero_do_whatsapp_6055\"\r\n                    type=\"text\"\r\n                    data-duplicate=\"no\"\r\n                    data-required=\"no\"\r\n                    data-type=\"text\" name=\"n_mero_do_whatsapp\"\r\n                    placeholder=\"\"\r\n                    value=\"\"\r\n                    size=\"40\"\r\n                    data-style=\"wpuf-style\"\r\n                \/>\r\n\r\n                <span class=\"wpuf-wordlimit-message wpuf-help\"><\/span>\r\n                        <span class=\"wpuf-help\">Favor informar o numero como est\u00e1 em seu cadastro do WhatsApp<\/span>\r\n                    <\/div>\r\n                    <\/li>\r\n                <li class=\"wpuf-el capel_es_interchap_nr__distintivo field-size-large\" data-label=\"Capel\u00e3es Interchap Nr. Distintivo\">\r\n                    <div class=\"wpuf-label\">\r\n            <label for=\"capel_es_interchap_nr__distintivo_6055\">Capel\u00e3es Interchap Nr. Distintivo<\/label>\r\n        <\/div>\r\n        \r\n            <div class=\"wpuf-fields\">\r\n                <input\r\n                    class=\"textfield wpuf_capel_es_interchap_nr__distintivo_6055\"\r\n                    id=\"capel_es_interchap_nr__distintivo_6055\"\r\n                    type=\"text\"\r\n                    data-duplicate=\"no\"\r\n                    data-required=\"no\"\r\n                    data-type=\"text\" name=\"capel_es_interchap_nr__distintivo\"\r\n                    placeholder=\"\"\r\n                    value=\"\"\r\n                    size=\"40\"\r\n                    data-style=\"wpuf-style\"\r\n                \/>\r\n\r\n                <span class=\"wpuf-wordlimit-message wpuf-help\"><\/span>\r\n                        <span class=\"wpuf-help\">Se n\u00e3o tem distintivo, deixe em branco<\/span>\r\n                    <\/div>\r\n                    <\/li>\r\n                <li class=\"wpuf-el mensagem field-size-large\" data-label=\"Mensagem\">\r\n                    <div class=\"wpuf-label\">\r\n            <label for=\"mensagem_6055\">Mensagem <span class=\"required\">*<\/span><\/label>\r\n        <\/div>\r\n                                    <div class=\"wpuf-fields\">\r\n            \r\n                                    <textarea\r\n                        class=\"textareafield  wpuf_mensagem_6055\"\r\n                        id=\"mensagem_6055\"\r\n                        name=\"mensagem\"\r\n                        data-required=\"yes\"\r\n                        data-type=\"textarea\"\r\n                        placeholder=\"\"\r\n                        rows=\"5\"\r\n                        cols=\"25\"\r\n                        data-style=\"wpuf-style\"\r\n                    ><\/textarea>\r\n                    <span class=\"wpuf-wordlimit-message wpuf-help\"><\/span>\r\n\r\n                \r\n                        <\/div><\/li>\r\n                <li class=\"wpuf-submit\">\r\n            <div class=\"wpuf-label\">\r\n                &nbsp;\r\n            <\/div>\r\n\r\n            <input type=\"hidden\" id=\"_wpnonce\" name=\"_wpnonce\" value=\"c28a6b3ce7\" \/><input type=\"hidden\" name=\"_wp_http_referer\" value=\"\/dir\/wp-json\/wp\/v2\/pages\/6053\" \/>\r\n            <input type=\"hidden\" name=\"form_id\" value=\"6055\">\r\n            <input type=\"hidden\" name=\"page_id\" value=\"6053\">\r\n            <input type=\"hidden\" name=\"action\" value=\"weforms_frontend_submit\">\r\n\r\n                            <input type=\"hidden\" name=\"weforms-front-report\" value=\"no\">\r\n            \r\n            \r\n                            <input type=\"submit\" class=\"weforms_submit_btn wpuf_submit_6055\" name=\"submit\" value=\"Enviar\" \/>\r\n                    <\/li>\r\n                <\/ul>\r\n\r\n        <\/form>\r\n                \n","protected":false},"excerpt":{"rendered":"<p>Se voc\u00ea \u00e9 capel\u00e3o(a) da INTERCHAP ou deseja falar conosco, estamos \u00e0 disposi\u00e7\u00e3o para caminhar com voc\u00ea. Pela p\u00e1gina CONTATO, voc\u00ea pode enviar sua mensagem diretamente \u00e0 nossa equipe, tirar d\u00favidas, solicitar orienta\u00e7\u00f5es, compartilhar&#46;&#46;&#46;<\/p>\n","protected":false},"author":1,"featured_media":0,"parent":0,"menu_order":0,"comment_status":"closed","ping_status":"closed","template":"","meta":{"footnotes":""},"class_list":["post-6053","page","type-page","status-publish","hentry"],"jetpack_sharing_enabled":true,"_links":{"self":[{"href":"https:\/\/interchap.org\/dir\/wp-json\/wp\/v2\/pages\/6053","targetHints":{"allow":["GET"]}}],"collection":[{"href":"https:\/\/interchap.org\/dir\/wp-json\/wp\/v2\/pages"}],"about":[{"href":"https:\/\/interchap.org\/dir\/wp-json\/wp\/v2\/types\/page"}],"author":[{"embeddable":true,"href":"https:\/\/interchap.org\/dir\/wp-json\/wp\/v2\/users\/1"}],"replies":[{"embeddable":true,"href":"https:\/\/interchap.org\/dir\/wp-json\/wp\/v2\/comments?post=6053"}],"version-history":[{"count":2,"href":"https:\/\/interchap.org\/dir\/wp-json\/wp\/v2\/pages\/6053\/revisions"}],"predecessor-version":[{"id":6063,"href":"https:\/\/interchap.org\/dir\/wp-json\/wp\/v2\/pages\/6053\/revisions\/6063"}],"wp:attachment":[{"href":"https:\/\/interchap.org\/dir\/wp-json\/wp\/v2\/media?parent=6053"}],"curies":[{"name":"wp","href":"https:\/\/api.w.org\/{rel}","templated":true}]}}