{"id":6047,"date":"2025-11-22T14:25:39","date_gmt":"2025-11-22T18:25:39","guid":{"rendered":"https:\/\/interchap.org\/dir\/?page_id=6047"},"modified":"2025-12-20T22:43:24","modified_gmt":"2025-12-21T02:43:24","slug":"quem-somos","status":"publish","type":"page","link":"https:\/\/interchap.org\/dir\/quem-somos\/","title":{"rendered":"Quem somos"},"content":{"rendered":"<h2 data-start=\"109\" data-end=\"139\">Nossos principais objetivos<\/h2>\n<p data-start=\"141\" data-end=\"316\">A <strong>INTERCHAP<\/strong> existe para fortalecer e expandir a capelania volunt\u00e1ria ao redor do mundo, oferecendo suporte real a quem serve e a quem precisa de cuidado. Nossos objetivos s\u00e3o:<\/p>\n<ul data-start=\"318\" data-end=\"1674\">\n<li data-start=\"318\" data-end=\"445\">\n<p data-start=\"320\" data-end=\"445\"><strong data-start=\"320\" data-end=\"373\">Promover encorajamento m\u00fatuo, apoio e compreens\u00e3o<\/strong> entre capel\u00e3es de diferentes pa\u00edses, culturas e contextos de atua\u00e7\u00e3o.<\/p>\n<\/li>\n<li data-start=\"446\" data-end=\"577\">\n<p data-start=\"448\" data-end=\"577\"><strong data-start=\"448\" data-end=\"493\">Apoiar e valorizar a capelania volunt\u00e1ria<\/strong>, preservando padr\u00f5es \u00e9ticos, espirituais e profissionais que honrem essa voca\u00e7\u00e3o.<\/p>\n<\/li>\n<li data-start=\"578\" data-end=\"806\">\n<p data-start=\"580\" data-end=\"806\"><strong data-start=\"580\" data-end=\"649\">Prestar assist\u00eancia espiritual, emocional, psicol\u00f3gica e de sa\u00fade<\/strong> a indiv\u00edduos e organiza\u00e7\u00f5es que necessitam, atuando em ambientes como hospitais, pris\u00f5es, casas de repouso, institui\u00e7\u00f5es educacionais, igrejas e empresas.<\/p>\n<\/li>\n<li data-start=\"807\" data-end=\"978\">\n<p data-start=\"809\" data-end=\"978\"><strong data-start=\"809\" data-end=\"875\">Cooperar no combate e na preven\u00e7\u00e3o do abuso de drogas e \u00e1lcool<\/strong>, oferecendo orienta\u00e7\u00e3o, acompanhamento, tratamento e reabilita\u00e7\u00e3o aos dependentes e seus familiares.<\/p>\n<\/li>\n<li data-start=\"979\" data-end=\"1152\">\n<p data-start=\"981\" data-end=\"1152\"><strong data-start=\"981\" data-end=\"1062\">Contribuir para a melhoria da qualidade de vida das pessoas e das comunidades<\/strong>, por meio de a\u00e7\u00f5es educacionais, sociais, culturais, ambientais e de apoio humanit\u00e1rio.<\/p>\n<\/li>\n<li data-start=\"1153\" data-end=\"1330\">\n<p data-start=\"1155\" data-end=\"1330\"><strong data-start=\"1155\" data-end=\"1216\">Estimular e oferecer oportunidades de educa\u00e7\u00e3o continuada<\/strong> para capel\u00e3es, capacitando-os a servir com excel\u00eancia, preparo e sensibilidade diante das necessidades humanas.<\/p>\n<\/li>\n<li data-start=\"1331\" data-end=\"1487\">\n<p data-start=\"1333\" data-end=\"1487\"><strong data-start=\"1333\" data-end=\"1409\">Ampliar o conhecimento, respeito e valoriza\u00e7\u00e3o dos capel\u00e3es da INTERCHAP<\/strong> dentro de suas comunidades, fortalecendo sua credibilidade e impacto local.<\/p>\n<\/li>\n<li data-start=\"1488\" data-end=\"1674\">\n<p data-start=\"1490\" data-end=\"1674\"><strong data-start=\"1490\" data-end=\"1555\">Utilizar todos os meios necess\u00e1rios para cumprir nossa miss\u00e3o<\/strong>, inclusive organizando unidades de servi\u00e7o e projetos espec\u00edficos que viabilizem nosso trabalho em diferentes regi\u00f5es do mundo.<\/p>\n<\/li>\n<\/ul>\n<p style=\"text-align: left;\"><strong><a href=\"https:\/\/interchap.org\/br\" target=\"_blank\" rel=\"noopener\"><span style=\"color: #0000ff;\">www.interchap.org\/br<\/span><\/a><span style=\"color: #0000ff;\"> &#8211; Brasil\u00a0 \u00a0 \u00a0 \u00a0 \u00a0 \u00a0 \u00a0 \u00a0 \u00a0 \u00a0 \u00a0 \u00a0 \u00a0 \u00a0 \u00a0 \u00a0 \u00a0 \u00a0<a style=\"color: #0000ff;\" href=\"https:\/\/interchapglobal.org\/br\/wp-content\/uploads\/2022\/01\/001.mp4\" target=\"_blank\" rel=\"noopener\">VEJA NOSSO VIDEO<\/a><\/span><br \/>\n<\/strong><strong><span style=\"color: #0000ff;\"><a style=\"color: #0000ff;\" href=\"https:\/\/interchap.org\/pt\" target=\"_blank\" rel=\"noopener\">www.interchap.org\/pt<\/a> &#8211; Europa<br \/>\n<a style=\"color: #0000ff;\" href=\"https:\/\/interchap.org\" target=\"_blank\" rel=\"noopener\">www.interchap.org<\/a> &#8211; Ingl\u00eas<br \/>\n<\/span><\/strong><strong><span style=\"color: #0000ff;\"><a style=\"color: #0000ff;\" href=\"https:\/\/interchap.org\/es\" target=\"_blank\" rel=\"noopener\">www.interchap.org\/es<\/a> &#8211; Espanhol<\/span><\/strong><strong><span style=\"color: #0000ff;\"><br \/>\n<a style=\"color: #0000ff;\" href=\"https:\/\/interchapglobal.org\/br\" target=\"_blank\" rel=\"noopener\">www.interchapglobal.org\/br<\/a> &#8211; Curso de Capelania Online<\/span><br \/>\n<\/strong><\/p>\n","protected":false},"excerpt":{"rendered":"<p>Nossos principais objetivos A INTERCHAP existe para fortalecer e expandir a capelania volunt\u00e1ria ao redor do mundo, oferecendo suporte real a quem serve e a quem precisa de cuidado. Nossos objetivos s\u00e3o: Promover encorajamento&#46;&#46;&#46;<\/p>\n","protected":false},"author":1,"featured_media":0,"parent":0,"menu_order":0,"comment_status":"closed","ping_status":"closed","template":"","meta":{"footnotes":""},"class_list":["post-6047","page","type-page","status-publish","hentry"],"jetpack_sharing_enabled":true,"_links":{"self":[{"href":"https:\/\/interchap.org\/dir\/wp-json\/wp\/v2\/pages\/6047","targetHints":{"allow":["GET"]}}],"collection":[{"href":"https:\/\/interchap.org\/dir\/wp-json\/wp\/v2\/pages"}],"about":[{"href":"https:\/\/interchap.org\/dir\/wp-json\/wp\/v2\/types\/page"}],"author":[{"embeddable":true,"href":"https:\/\/interchap.org\/dir\/wp-json\/wp\/v2\/users\/1"}],"replies":[{"embeddable":true,"href":"https:\/\/interchap.org\/dir\/wp-json\/wp\/v2\/comments?post=6047"}],"version-history":[{"count":10,"href":"https:\/\/interchap.org\/dir\/wp-json\/wp\/v2\/pages\/6047\/revisions"}],"predecessor-version":[{"id":6397,"href":"https:\/\/interchap.org\/dir\/wp-json\/wp\/v2\/pages\/6047\/revisions\/6397"}],"wp:attachment":[{"href":"https:\/\/interchap.org\/dir\/wp-json\/wp\/v2\/media?parent=6047"}],"curies":[{"name":"wp","href":"https:\/\/api.w.org\/{rel}","templated":true}]}}