{"id":5739,"date":"2025-10-26T22:44:29","date_gmt":"2025-10-27T02:44:29","guid":{"rendered":"https:\/\/interchap.org\/dir\/?page_id=5739"},"modified":"2025-12-20T22:52:25","modified_gmt":"2025-12-21T02:52:25","slug":"cadastro","status":"publish","type":"page","link":"https:\/\/interchap.org\/dir\/cadastro\/","title":{"rendered":"Cadastro"},"content":{"rendered":"<h3 style=\"text-align: center;\"><strong>Se voc\u00ea necessita atualizar seus dados,<br \/>\npor motivos de mudan\u00e7a de endere\u00e7o ou<br \/>\nalguma informa\u00e7\u00e3o da sua Carteira de Capelania<br \/>\n<span style=\"color: #0000ff;\"><a style=\"color: #0000ff;\" href=\"https:\/\/interchap.org\/br\/atualizacao-de-dados\/\" target=\"_blank\" rel=\"noopener\">CLIQUE AQUI!<\/a><\/span><\/strong><\/h3>\n","protected":false},"excerpt":{"rendered":"<p>Se voc\u00ea necessita atualizar seus dados, por motivos de mudan\u00e7a de endere\u00e7o ou alguma informa\u00e7\u00e3o da sua Carteira de Capelania CLIQUE AQUI!<\/p>\n","protected":false},"author":1,"featured_media":0,"parent":0,"menu_order":0,"comment_status":"closed","ping_status":"closed","template":"","meta":{"footnotes":""},"class_list":["post-5739","page","type-page","status-publish","hentry"],"jetpack_sharing_enabled":true,"_links":{"self":[{"href":"https:\/\/interchap.org\/dir\/wp-json\/wp\/v2\/pages\/5739","targetHints":{"allow":["GET"]}}],"collection":[{"href":"https:\/\/interchap.org\/dir\/wp-json\/wp\/v2\/pages"}],"about":[{"href":"https:\/\/interchap.org\/dir\/wp-json\/wp\/v2\/types\/page"}],"author":[{"embeddable":true,"href":"https:\/\/interchap.org\/dir\/wp-json\/wp\/v2\/users\/1"}],"replies":[{"embeddable":true,"href":"https:\/\/interchap.org\/dir\/wp-json\/wp\/v2\/comments?post=5739"}],"version-history":[{"count":7,"href":"https:\/\/interchap.org\/dir\/wp-json\/wp\/v2\/pages\/5739\/revisions"}],"predecessor-version":[{"id":6401,"href":"https:\/\/interchap.org\/dir\/wp-json\/wp\/v2\/pages\/5739\/revisions\/6401"}],"wp:attachment":[{"href":"https:\/\/interchap.org\/dir\/wp-json\/wp\/v2\/media?parent=5739"}],"curies":[{"name":"wp","href":"https:\/\/api.w.org\/{rel}","templated":true}]}}