{"id":3508,"date":"2023-03-01T21:09:19","date_gmt":"2023-03-02T01:09:19","guid":{"rendered":"https:\/\/interchap.org\/dir\/?page_id=3508"},"modified":"2025-11-26T11:22:12","modified_gmt":"2025-11-26T15:22:12","slug":"inicio","status":"publish","type":"page","link":"https:\/\/interchap.org\/dir\/","title":{"rendered":""},"content":{"rendered":"<h3 style=\"text-align: center;\"><span style=\"color: #000000;\"><strong>BEM VINDO AO SITE DE APOIO DOS CAPEL\u00c3ES<\/strong><\/span><\/h3>\n<p><span style=\"color: #000000;\">Atrav\u00e9s deste site, a <strong>INTERNATIONAL CHAPLAINS ASSOCIATION<\/strong> tem a intens\u00e3o de dar apoio, orienta\u00e7\u00e3o e suporte aos nossos capel\u00e3es.<\/span><\/p>\n<p><span style=\"color: #000000;\">Conculte sua <strong>NOVA CARTEIRA DIGITAL<\/strong> diretamente clicando em <span style=\"color: #ff0000;\"><a style=\"color: #ff0000;\" href=\"https:\/\/interchap.org\/dir\/minha-pagina\/\"><strong>CARTEIRA DIGITAL<\/strong><\/a>\u00a0<\/span> ou atrav\u00e9s do <strong>MENU<\/strong> <strong>SUA P\u00c1GINA <\/strong>e tamb\u00e9m poder\u00e1 ver <strong>SEU PERFIL.<\/strong><\/span><\/p>\n<p><span style=\"color: #000000;\">Visite o novo <strong>APLICATIVO<\/strong> (<strong>APP<\/strong>) que funcionar\u00e1 em qualquer tipo de celular sem a necessidade de fazer download, basta voc\u00ea clicar em <span style=\"color: #ff0000;\"><a style=\"color: #ff0000;\" href=\"https:\/\/interchap.org\/dir\/aplicativo\" target=\"_blank\" rel=\"noopener\"><strong>APLICATIVO<\/strong><\/a><\/span> ou atrav\u00e9s do nosso <strong>MENU<\/strong> principal.<\/span><\/p>\n<h2 style=\"text-align: center;\">AGUARDE&#8230; EM BREVE MAIS NOVIDADES!<\/h2>\n","protected":false},"excerpt":{"rendered":"<p>BEM VINDO AO SITE DE APOIO DOS CAPEL\u00c3ES Atrav\u00e9s deste site, a INTERNATIONAL CHAPLAINS ASSOCIATION tem a intens\u00e3o de dar apoio, orienta\u00e7\u00e3o e suporte aos nossos capel\u00e3es. Conculte sua NOVA CARTEIRA DIGITAL diretamente clicando&#46;&#46;&#46;<\/p>\n","protected":false},"author":1,"featured_media":0,"parent":0,"menu_order":0,"comment_status":"closed","ping_status":"closed","template":"","meta":{"footnotes":""},"class_list":["post-3508","page","type-page","status-publish","hentry"],"jetpack_sharing_enabled":true,"_links":{"self":[{"href":"https:\/\/interchap.org\/dir\/wp-json\/wp\/v2\/pages\/3508","targetHints":{"allow":["GET"]}}],"collection":[{"href":"https:\/\/interchap.org\/dir\/wp-json\/wp\/v2\/pages"}],"about":[{"href":"https:\/\/interchap.org\/dir\/wp-json\/wp\/v2\/types\/page"}],"author":[{"embeddable":true,"href":"https:\/\/interchap.org\/dir\/wp-json\/wp\/v2\/users\/1"}],"replies":[{"embeddable":true,"href":"https:\/\/interchap.org\/dir\/wp-json\/wp\/v2\/comments?post=3508"}],"version-history":[{"count":20,"href":"https:\/\/interchap.org\/dir\/wp-json\/wp\/v2\/pages\/3508\/revisions"}],"predecessor-version":[{"id":6257,"href":"https:\/\/interchap.org\/dir\/wp-json\/wp\/v2\/pages\/3508\/revisions\/6257"}],"wp:attachment":[{"href":"https:\/\/interchap.org\/dir\/wp-json\/wp\/v2\/media?parent=3508"}],"curies":[{"name":"wp","href":"https:\/\/api.w.org\/{rel}","templated":true}]}}