{"id":9560,"date":"2024-01-09T13:57:55","date_gmt":"2024-01-09T16:57:55","guid":{"rendered":"https:\/\/interchap.org\/br\/?page_id=9560"},"modified":"2025-12-21T00:24:03","modified_gmt":"2025-12-21T03:24:03","slug":"radio-amador","status":"publish","type":"page","link":"https:\/\/interchap.org\/br\/radio-amador\/","title":{"rendered":"Radio Amador"},"content":{"rendered":"<p>Esta p\u00e1gina ser\u00e1 destinada aos Capel\u00e3es interessados na \u00e1rea de comunica\u00e7\u00f5es de emerg\u00eancia por meio do R\u00e1dio Amadorismo e da Faixa do Cidad\u00e3o.<\/p>\n<p><strong>Se voc\u00ea tem interesse nesta \u00e1rea, envie um e-mail para n\u00f3s atrav\u00e9s deste endere\u00e7o: radio@interchap.org<\/strong><\/p>\n<h2><strong><span style=\"color: #0000ff;\"><a style=\"color: #0000ff;\" href=\"http:\/\/interchap.org\/br\/wp-content\/uploads\/2024\/01\/RADIO-AMADOR.pdf\" target=\"_blank\" rel=\"noopener\">Como ser um Radio Amador<\/a><\/span><\/strong><\/h2>\n<h2><strong><span style=\"color: #0000ff;\"><a style=\"color: #0000ff;\" href=\"https:\/\/interchap.org\/br\/biblioteca-radio-amador\/\" target=\"_blank\" rel=\"noopener\">Biblioteca do Radio Amador<\/a><\/span><\/strong><\/h2>\n<h2><strong><span style=\"color: #0000ff;\"><a style=\"color: #0000ff;\" href=\"https:\/\/interchap.org\/dir\/codigo-morse\/\" target=\"_blank\" rel=\"noopener\">CURSO DE C\u00d3DIGO MORSE<\/a><\/span><\/strong><\/h2>\n<h2><\/h2>\n","protected":false},"excerpt":{"rendered":"<p>Esta p\u00e1gina ser\u00e1 destinada aos Capel\u00e3es interessados na \u00e1rea de comunica\u00e7\u00f5es de emerg\u00eancia por meio do R\u00e1dio Amadorismo e da Faixa do Cidad\u00e3o. Se voc\u00ea tem interesse nesta \u00e1rea, envie um e-mail para n\u00f3s&#46;&#46;&#46;<\/p>\n","protected":false},"author":1,"featured_media":0,"parent":0,"menu_order":0,"comment_status":"closed","ping_status":"closed","template":"","meta":{"footnotes":""},"class_list":["post-9560","page","type-page","status-publish","hentry"],"jetpack_likes_enabled":true,"jetpack_sharing_enabled":true,"_links":{"self":[{"href":"https:\/\/interchap.org\/br\/wp-json\/wp\/v2\/pages\/9560","targetHints":{"allow":["GET"]}}],"collection":[{"href":"https:\/\/interchap.org\/br\/wp-json\/wp\/v2\/pages"}],"about":[{"href":"https:\/\/interchap.org\/br\/wp-json\/wp\/v2\/types\/page"}],"author":[{"embeddable":true,"href":"https:\/\/interchap.org\/br\/wp-json\/wp\/v2\/users\/1"}],"replies":[{"embeddable":true,"href":"https:\/\/interchap.org\/br\/wp-json\/wp\/v2\/comments?post=9560"}],"version-history":[{"count":13,"href":"https:\/\/interchap.org\/br\/wp-json\/wp\/v2\/pages\/9560\/revisions"}],"predecessor-version":[{"id":9718,"href":"https:\/\/interchap.org\/br\/wp-json\/wp\/v2\/pages\/9560\/revisions\/9718"}],"wp:attachment":[{"href":"https:\/\/interchap.org\/br\/wp-json\/wp\/v2\/media?parent=9560"}],"curies":[{"name":"wp","href":"https:\/\/api.w.org\/{rel}","templated":true}]}}