{"id":9499,"date":"2024-01-02T20:37:53","date_gmt":"2024-01-02T23:37:53","guid":{"rendered":"https:\/\/interchap.org\/br\/?page_id=9499"},"modified":"2024-01-02T21:23:10","modified_gmt":"2024-01-03T00:23:10","slug":"monitores","status":"publish","type":"page","link":"https:\/\/interchap.org\/br\/monitores\/","title":{"rendered":"Monitores"},"content":{"rendered":"<div class=\"members-access-error\">\n<h3 style=\"text-align: center\"><span style=\"color: #ff0000\">ESTA P\u00c1GINA \u00c9 DE USO EXCLUSIVO DOS MONITORES DE CURSOS ONLINE!<\/span><\/h3>\n<p><strong>Se voc\u00ea j\u00e1 est\u00e1 registrado fa\u00e7a seu login <span style=\"color: #0000ff\"><a style=\"color: #0000ff\" href=\"https:\/\/interchap.org\/br\/login\/\">AQUI!<\/a><\/span><\/strong><\/p>\n<p><strong>Para fazer o seu registro clique <span style=\"color: #0000ff\"><a style=\"color: #0000ff\" href=\"https:\/\/interchap.org\/br\/registro\/\" target=\"_blank\" rel=\"noopener\">AQUI!<\/a><\/span><\/strong><\/p>\n<p><strong>Para renovar a sua Carteira de Capelania clique <span style=\"color: #0000ff\"><a style=\"color: #0000ff\" href=\"https:\/\/interchap.org\/br\/regiao\/\" target=\"_blank\" rel=\"noopener\">AQUI!<\/a><\/span><\/strong><\/div>\n","protected":false},"excerpt":{"rendered":"<div class=\"members-access-error\">\n<h3 style=\"text-align: center\"><span style=\"color: #ff0000\">ESTA P\u00c1GINA \u00c9 DE USO EXCLUSIVO DOS MONITORES DE CURSOS ONLINE!<\/span><\/h3>\n<p><strong>Se voc\u00ea j\u00e1 est\u00e1 registrado fa\u00e7a seu login <span style=\"color: #0000ff\"><a style=\"color: #0000ff\" href=\"https:\/\/interchap.org\/br\/login\/\">AQUI!<\/a><\/span><\/strong><\/p>\n<p><strong>Para fazer o seu registro clique <span style=\"color: #0000ff\"><a style=\"color: #0000ff\" href=\"https:\/\/interchap.org\/br\/registro\/\" target=\"_blank\" rel=\"noopener\">AQUI!<\/a><\/span><\/strong><\/p>\n<p><strong>Para renovar a sua Carteira de Capelania clique <span style=\"color: #0000ff\"><a style=\"color: #0000ff\" href=\"https:\/\/interchap.org\/br\/regiao\/\" target=\"_blank\" rel=\"noopener\">AQUI!<\/a><\/span><\/strong><\/div>\n","protected":false},"author":1,"featured_media":0,"parent":0,"menu_order":0,"comment_status":"closed","ping_status":"closed","template":"","meta":{"footnotes":""},"class_list":["post-9499","page","type-page","status-publish","hentry"],"jetpack_likes_enabled":true,"jetpack_sharing_enabled":true,"_links":{"self":[{"href":"https:\/\/interchap.org\/br\/wp-json\/wp\/v2\/pages\/9499","targetHints":{"allow":["GET"]}}],"collection":[{"href":"https:\/\/interchap.org\/br\/wp-json\/wp\/v2\/pages"}],"about":[{"href":"https:\/\/interchap.org\/br\/wp-json\/wp\/v2\/types\/page"}],"author":[{"embeddable":true,"href":"https:\/\/interchap.org\/br\/wp-json\/wp\/v2\/users\/1"}],"replies":[{"embeddable":true,"href":"https:\/\/interchap.org\/br\/wp-json\/wp\/v2\/comments?post=9499"}],"version-history":[{"count":1,"href":"https:\/\/interchap.org\/br\/wp-json\/wp\/v2\/pages\/9499\/revisions"}],"predecessor-version":[{"id":9500,"href":"https:\/\/interchap.org\/br\/wp-json\/wp\/v2\/pages\/9499\/revisions\/9500"}],"wp:attachment":[{"href":"https:\/\/interchap.org\/br\/wp-json\/wp\/v2\/media?parent=9499"}],"curies":[{"name":"wp","href":"https:\/\/api.w.org\/{rel}","templated":true}]}}