{"id":9358,"date":"2023-06-09T13:03:17","date_gmt":"2023-06-09T16:03:17","guid":{"rendered":"https:\/\/interchap.org\/br\/?page_id=9358"},"modified":"2023-06-09T13:03:17","modified_gmt":"2023-06-09T16:03:17","slug":"voluntarios","status":"publish","type":"page","link":"https:\/\/interchap.org\/br\/voluntarios\/","title":{"rendered":"Voluntarios"},"content":{"rendered":"<p><img loading=\"lazy\" decoding=\"async\" class=\"size-large wp-image-2685 alignnone\" src=\"https:\/\/interchap.org\/pt\/wp-content\/uploads\/2019\/06\/Interchap-BR_Day-769x1024.jpg\" alt=\"\" width=\"474\" height=\"631\" \/><\/p>\n<p>Destaque do nosso Capit\u00e3o Valdir Sampaio levando a INTERCHAP Global para New York no evento do Brazilian Day de 2019. Parabens &#8220;Dinho&#8221; pela iniciativa nobre!<\/p>\n<p>Uma virtude que deve estar constantemente presente na vida de um capel\u00e3o \u00e9 o seu espirito volunt\u00e1rio para as diversas oportunidades que se apresentam.<\/p>\n<p>&nbsp;<\/p>\n","protected":false},"excerpt":{"rendered":"<p>Destaque do nosso Capit\u00e3o Valdir Sampaio levando a INTERCHAP Global para New York no evento do Brazilian Day de 2019. Parabens &#8220;Dinho&#8221; pela iniciativa nobre! Uma virtude que deve estar constantemente presente na vida&#46;&#46;&#46;<\/p>\n","protected":false},"author":1,"featured_media":0,"parent":0,"menu_order":0,"comment_status":"closed","ping_status":"closed","template":"","meta":{"footnotes":""},"class_list":["post-9358","page","type-page","status-publish","hentry"],"jetpack_likes_enabled":true,"jetpack_sharing_enabled":true,"_links":{"self":[{"href":"https:\/\/interchap.org\/br\/wp-json\/wp\/v2\/pages\/9358","targetHints":{"allow":["GET"]}}],"collection":[{"href":"https:\/\/interchap.org\/br\/wp-json\/wp\/v2\/pages"}],"about":[{"href":"https:\/\/interchap.org\/br\/wp-json\/wp\/v2\/types\/page"}],"author":[{"embeddable":true,"href":"https:\/\/interchap.org\/br\/wp-json\/wp\/v2\/users\/1"}],"replies":[{"embeddable":true,"href":"https:\/\/interchap.org\/br\/wp-json\/wp\/v2\/comments?post=9358"}],"version-history":[{"count":1,"href":"https:\/\/interchap.org\/br\/wp-json\/wp\/v2\/pages\/9358\/revisions"}],"predecessor-version":[{"id":9359,"href":"https:\/\/interchap.org\/br\/wp-json\/wp\/v2\/pages\/9358\/revisions\/9359"}],"wp:attachment":[{"href":"https:\/\/interchap.org\/br\/wp-json\/wp\/v2\/media?parent=9358"}],"curies":[{"name":"wp","href":"https:\/\/api.w.org\/{rel}","templated":true}]}}