{"id":9274,"date":"2023-06-08T22:07:47","date_gmt":"2023-06-09T01:07:47","guid":{"rendered":"https:\/\/interchap.org\/br\/?page_id=9274"},"modified":"2024-01-02T21:21:51","modified_gmt":"2024-01-03T00:21:51","slug":"comando","status":"publish","type":"page","link":"https:\/\/interchap.org\/br\/comando\/","title":{"rendered":"Comando"},"content":{"rendered":"<div class=\"members-access-error\">\n<h3 style=\"text-align: center\"><span style=\"color: #ff0000\">ESTA P\u00c1GINA \u00c9 DE USO EXCLUSIVO DOS REPRESENTANTES DA INTERCHAP!<\/span><\/h3>\n<p><strong>Se voc\u00ea j\u00e1 est\u00e1 registrado fa\u00e7a seu login <span style=\"color: #0000ff\"><a style=\"color: #0000ff\" href=\"https:\/\/interchap.org\/br\/login\/\">AQUI!<\/a><\/span><\/strong><\/p>\n<p><strong>Para fazer o seu registro clique <span style=\"color: #0000ff\"><a style=\"color: #0000ff\" href=\"https:\/\/interchap.org\/br\/registro\/\" target=\"_blank\" rel=\"noopener\">AQUI!<\/a><\/span><\/strong><\/p>\n<p><strong>Para renovar a sua Carteira de Capelania clique <span style=\"color: #0000ff\"><a style=\"color: #0000ff\" href=\"https:\/\/interchap.org\/br\/regiao\/\" target=\"_blank\" rel=\"noopener\">AQUI!<\/a><\/span><\/strong><\/div>\n","protected":false},"excerpt":{"rendered":"<div class=\"members-access-error\">\n<h3 style=\"text-align: center\"><span style=\"color: #ff0000\">ESTA P\u00c1GINA \u00c9 DE USO EXCLUSIVO DOS REPRESENTANTES DA INTERCHAP!<\/span><\/h3>\n<p><strong>Se voc\u00ea j\u00e1 est\u00e1 registrado fa\u00e7a seu login <span style=\"color: #0000ff\"><a style=\"color: #0000ff\" href=\"https:\/\/interchap.org\/br\/login\/\">AQUI!<\/a><\/span><\/strong><\/p>\n<p><strong>Para fazer o seu registro clique <span style=\"color: #0000ff\"><a style=\"color: #0000ff\" href=\"https:\/\/interchap.org\/br\/registro\/\" target=\"_blank\" rel=\"noopener\">AQUI!<\/a><\/span><\/strong><\/p>\n<p><strong>Para renovar a sua Carteira de Capelania clique <span style=\"color: #0000ff\"><a style=\"color: #0000ff\" href=\"https:\/\/interchap.org\/br\/regiao\/\" target=\"_blank\" rel=\"noopener\">AQUI!<\/a><\/span><\/strong><\/div>\n","protected":false},"author":1,"featured_media":0,"parent":0,"menu_order":0,"comment_status":"closed","ping_status":"closed","template":"","meta":{"footnotes":""},"class_list":["post-9274","page","type-page","status-publish","hentry"],"jetpack_likes_enabled":true,"jetpack_sharing_enabled":true,"_links":{"self":[{"href":"https:\/\/interchap.org\/br\/wp-json\/wp\/v2\/pages\/9274","targetHints":{"allow":["GET"]}}],"collection":[{"href":"https:\/\/interchap.org\/br\/wp-json\/wp\/v2\/pages"}],"about":[{"href":"https:\/\/interchap.org\/br\/wp-json\/wp\/v2\/types\/page"}],"author":[{"embeddable":true,"href":"https:\/\/interchap.org\/br\/wp-json\/wp\/v2\/users\/1"}],"replies":[{"embeddable":true,"href":"https:\/\/interchap.org\/br\/wp-json\/wp\/v2\/comments?post=9274"}],"version-history":[{"count":5,"href":"https:\/\/interchap.org\/br\/wp-json\/wp\/v2\/pages\/9274\/revisions"}],"predecessor-version":[{"id":9516,"href":"https:\/\/interchap.org\/br\/wp-json\/wp\/v2\/pages\/9274\/revisions\/9516"}],"wp:attachment":[{"href":"https:\/\/interchap.org\/br\/wp-json\/wp\/v2\/media?parent=9274"}],"curies":[{"name":"wp","href":"https:\/\/api.w.org\/{rel}","templated":true}]}}