{"id":9230,"date":"2023-06-08T16:25:12","date_gmt":"2023-06-08T19:25:12","guid":{"rendered":"https:\/\/interchap.org\/br\/?page_id=9230"},"modified":"2024-01-09T14:00:19","modified_gmt":"2024-01-09T17:00:19","slug":"capelaes","status":"publish","type":"page","link":"https:\/\/interchap.org\/br\/capelaes\/","title":{"rendered":"Capel\u00e3es"},"content":{"rendered":"<h2 style=\"text-align: center;\"><span style=\"color: #ff0000;\">PAGINA EXCLUSIVA DOS CAPEL\u00c3ES INTERCHAP<\/span><\/h2>\n<p style=\"text-align: center;\"><em><strong>Obrigado e que Deus te aben\u00e7oe!<\/strong><\/em><\/p>\n<p><strong><a href=\"https:\/\/interchap.org\/br\/atualizacao-de-dados\/\" target=\"_blank\" rel=\"noopener\"><span style=\"color: #0000ff;\">Atualiza\u00e7\u00e3o de seus dados cadastrais<\/span><\/a><\/strong><br \/>\n<strong><span style=\"color: #0000ff;\"><a style=\"color: #0000ff;\" href=\"https:\/\/interchap.org\/br\/servico\/\" target=\"_blank\" rel=\"noopener\">Relat\u00f3rio de Servi\u00e7o Volunt\u00e1rio<\/a><\/span><\/strong><br \/>\n<strong><span style=\"color: #0000ff;\"><a style=\"color: #0000ff;\" href=\"https:\/\/interchap.org\/br\/biblioteca-2\/\" target=\"_blank\" rel=\"noopener\">Biblioteca dos Capel\u00e3es<\/a><\/span><\/strong><br \/>\n<strong><span style=\"color: #0000ff;\"><span style=\"color: #0000ff;\"><a style=\"color: #0000ff;\" href=\"https:\/\/interchap.org\/br\/radio-amador\/\" target=\"_blank\" rel=\"noopener\">Radio Amadorismo<\/a> <\/span>(Ser\u00e1 introduzido em breve)<\/span><\/strong><br \/>\n<strong><span style=\"color: #0000ff;\"><a style=\"color: #0000ff;\" href=\"https:\/\/interchap.org\/br\/saude\/\" target=\"_blank\" rel=\"noopener\">Sa\u00fade F\u00edsica e Mental<\/a><\/span><\/strong><br \/>\n<strong><span style=\"color: #0000ff;\"><a style=\"color: #0000ff;\" href=\"https:\/\/interchap.org\/br\/teste-online\/\" target=\"_blank\" rel=\"noopener\">Teste Online<\/a><\/span><\/strong><br \/>\n<strong><span style=\"color: #0000ff;\"><a style=\"color: #0000ff;\" href=\"https:\/\/interchap.org\/br\/comando\/\" target=\"_blank\" rel=\"noopener\">Comando<\/a> <span style=\"color: #ff0000;\">(Exclusivo dos Representantes da Interchap)<\/span><\/span><\/strong><br \/>\n<strong><span style=\"color: #0000ff;\"><a style=\"color: #0000ff;\" href=\"https:\/\/interchap.org\/br\/monitores\/\" target=\"_blank\" rel=\"noopener\">Monitores<\/a>\u00a0<span style=\"color: #ff0000;\">(Exclusivo dos Monitores de Curso Online)<\/span><\/span><\/strong><br \/>\n<strong><span style=\"color: #0000ff;\"><a style=\"color: #0000ff;\" href=\"https:\/\/interchap.org\/br\/instrutores\/\" target=\"_blank\" rel=\"noopener\">Instrutores<\/a>\u00a0<span style=\"color: #ff0000;\">(Exclusivo dos Instrutores da Interchap)<\/span><\/span><\/strong><\/p>\n","protected":false},"excerpt":{"rendered":"<p>PAGINA EXCLUSIVA DOS CAPEL\u00c3ES INTERCHAP Obrigado e que Deus te aben\u00e7oe! Atualiza\u00e7\u00e3o de seus dados cadastrais Relat\u00f3rio de Servi\u00e7o Volunt\u00e1rio Biblioteca dos Capel\u00e3es Radio Amadorismo (Ser\u00e1 introduzido em breve) Sa\u00fade F\u00edsica e Mental Teste&#46;&#46;&#46;<\/p>\n","protected":false},"author":1,"featured_media":0,"parent":0,"menu_order":0,"comment_status":"closed","ping_status":"closed","template":"","meta":{"footnotes":""},"class_list":["post-9230","page","type-page","status-publish","hentry"],"jetpack_likes_enabled":true,"jetpack_sharing_enabled":true,"_links":{"self":[{"href":"https:\/\/interchap.org\/br\/wp-json\/wp\/v2\/pages\/9230","targetHints":{"allow":["GET"]}}],"collection":[{"href":"https:\/\/interchap.org\/br\/wp-json\/wp\/v2\/pages"}],"about":[{"href":"https:\/\/interchap.org\/br\/wp-json\/wp\/v2\/types\/page"}],"author":[{"embeddable":true,"href":"https:\/\/interchap.org\/br\/wp-json\/wp\/v2\/users\/1"}],"replies":[{"embeddable":true,"href":"https:\/\/interchap.org\/br\/wp-json\/wp\/v2\/comments?post=9230"}],"version-history":[{"count":9,"href":"https:\/\/interchap.org\/br\/wp-json\/wp\/v2\/pages\/9230\/revisions"}],"predecessor-version":[{"id":9564,"href":"https:\/\/interchap.org\/br\/wp-json\/wp\/v2\/pages\/9230\/revisions\/9564"}],"wp:attachment":[{"href":"https:\/\/interchap.org\/br\/wp-json\/wp\/v2\/media?parent=9230"}],"curies":[{"name":"wp","href":"https:\/\/api.w.org\/{rel}","templated":true}]}}