{"id":3886,"date":"2019-10-05T15:20:25","date_gmt":"2019-10-05T19:20:25","guid":{"rendered":"https:\/\/interchap.org\/pt\/?page_id=3886"},"modified":"2025-12-21T00:27:32","modified_gmt":"2025-12-21T03:27:32","slug":"saude","status":"publish","type":"page","link":"https:\/\/interchap.org\/br\/saude\/","title":{"rendered":"Sa\u00fade"},"content":{"rendered":"<div class=\"members-access-error\">\n<h3 style=\"text-align: center\"><span style=\"color: #ff0000\">ESTA P\u00c1GINA \u00c9 DE USO EXCLUSIVO DOS CAPEL\u00c3ES REGISTRADOS E COM SUA CARTEIRA DE CAPELANIA ATUALIZADA!<\/span><\/h3>\n<p><strong>Se voc\u00ea j\u00e1 est\u00e1 registrado fa\u00e7a seu login <span style=\"color: #0000ff\"><a style=\"color: #0000ff\" href=\"https:\/\/interchap.org\/br\/login\/\">AQUI!<\/a><\/span><\/strong><\/p>\n<p><strong>Para fazer o seu registro clique <span style=\"color: #0000ff\"><a style=\"color: #0000ff\" href=\"https:\/\/interchap.org\/br\/registro\/\" target=\"_blank\" rel=\"noopener\">AQUI!<\/a><\/span><\/strong><\/p>\n<p><strong>Para renovar a sua Carteira de Capelania clique <span style=\"color: #0000ff\"><a style=\"color: #0000ff\" href=\"https:\/\/interchap.org\/br\/regiao\/\" target=\"_blank\" rel=\"noopener\">AQUI!<\/a><\/span><\/strong><\/div>\n","protected":false},"excerpt":{"rendered":"<div class=\"members-access-error\">\n<h3 style=\"text-align: center\"><span style=\"color: #ff0000\">ESTA P\u00c1GINA \u00c9 DE USO EXCLUSIVO DOS CAPEL\u00c3ES REGISTRADOS E COM SUA CARTEIRA DE CAPELANIA ATUALIZADA!<\/span><\/h3>\n<p><strong>Se voc\u00ea j\u00e1 est\u00e1 registrado fa\u00e7a seu login <span style=\"color: #0000ff\"><a style=\"color: #0000ff\" href=\"https:\/\/interchap.org\/br\/login\/\">AQUI!<\/a><\/span><\/strong><\/p>\n<p><strong>Para fazer o seu registro clique <span style=\"color: #0000ff\"><a style=\"color: #0000ff\" href=\"https:\/\/interchap.org\/br\/registro\/\" target=\"_blank\" rel=\"noopener\">AQUI!<\/a><\/span><\/strong><\/p>\n<p><strong>Para renovar a sua Carteira de Capelania clique <span style=\"color: #0000ff\"><a style=\"color: #0000ff\" href=\"https:\/\/interchap.org\/br\/regiao\/\" target=\"_blank\" rel=\"noopener\">AQUI!<\/a><\/span><\/strong><\/div>\n","protected":false},"author":1,"featured_media":0,"parent":0,"menu_order":0,"comment_status":"closed","ping_status":"closed","template":"","meta":{"footnotes":""},"class_list":["post-3886","page","type-page","status-publish","hentry"],"jetpack_likes_enabled":true,"jetpack_sharing_enabled":true,"_links":{"self":[{"href":"https:\/\/interchap.org\/br\/wp-json\/wp\/v2\/pages\/3886","targetHints":{"allow":["GET"]}}],"collection":[{"href":"https:\/\/interchap.org\/br\/wp-json\/wp\/v2\/pages"}],"about":[{"href":"https:\/\/interchap.org\/br\/wp-json\/wp\/v2\/types\/page"}],"author":[{"embeddable":true,"href":"https:\/\/interchap.org\/br\/wp-json\/wp\/v2\/users\/1"}],"replies":[{"embeddable":true,"href":"https:\/\/interchap.org\/br\/wp-json\/wp\/v2\/comments?post=3886"}],"version-history":[{"count":6,"href":"https:\/\/interchap.org\/br\/wp-json\/wp\/v2\/pages\/3886\/revisions"}],"predecessor-version":[{"id":9719,"href":"https:\/\/interchap.org\/br\/wp-json\/wp\/v2\/pages\/3886\/revisions\/9719"}],"wp:attachment":[{"href":"https:\/\/interchap.org\/br\/wp-json\/wp\/v2\/media?parent=3886"}],"curies":[{"name":"wp","href":"https:\/\/api.w.org\/{rel}","templated":true}]}}