{"id":1117,"date":"2019-04-11T00:13:37","date_gmt":"2019-04-11T04:13:37","guid":{"rendered":"https:\/\/interchap.org\/pt\/?page_id=1117"},"modified":"2025-11-21T02:18:05","modified_gmt":"2025-11-21T05:18:05","slug":"estados-unidos","status":"publish","type":"page","link":"https:\/\/interchap.org\/br\/estados-unidos\/","title":{"rendered":"Estados Unidos"},"content":{"rendered":"\r\n<h4 class=\"wp-block-heading\" style=\"text-align: center;\">Para voc\u00ea renovar sua credencial exitem tr\u00eas op\u00e7\u00f5es<\/h4>\r\n<p style=\"text-align: center;\"><span style=\"color: #ff0000;\"><strong>ATEN\u00c7\u00c3O: SOMENTE PARA CAPEL\u00c3ES DOS ESTADOS UNIDOS<\/strong><\/span><\/p>\r\n\r\n\r\n\r\n<p style=\"text-align: center;\"><strong>Op\u00e7\u00e3o 1:<\/strong>Envie o valor da Renova\u00e7\u00e3o pelo <strong>Zelle; interchap@interchap.org<\/strong><\/p>\r\n<p style=\"text-align: center;\">(Valor para 1 Ano $ 39.00\u00a0 \u00a0&#8211;\u00a0 Valor para dois anos $ 70.00)<\/p>\r\n<p style=\"text-align: center;\"><strong>Op\u00e7\u00e3o 2: <\/strong>Se voc\u00ea mudou de endere\u00e7o, telefone, precisa adicionar algum dado, ou deseja trocar a foto da credencial, <span style=\"color: #0000ff;\"><strong><a style=\"color: #0000ff;\" href=\"https:\/\/interchap.org\/pt\/op-3\/\">CLIQUE AQUI.<\/a><\/strong><\/span><\/p>\r\n\r\n\r\n\r\n<p style=\"text-align: center;\"><strong>Op\u00e7\u00e3o 3:<\/strong>\u00a0Se os dados da credencial est\u00e3o corretos e n\u00e3o h\u00e1 nenhuma altera\u00e7\u00e3o, <span style=\"color: #0000ff;\"><strong><a style=\"color: #0000ff;\" href=\"https:\/\/interchap.org\/pt\/op-4\/\">CLIQUE AQUI.<\/a><\/strong><\/span><\/p>\r\n<p style=\"text-align: center;\"><strong><span style=\"color: #ff0000;\">ATEN\u00c7\u00c3O:<\/span>\u00a0\u00c9 necess\u00e1rio efetuar o pagamento para que voc\u00ea possa receber sua credencial. Se voc\u00ea encontrar dificuldades em finalizar o pagamento entre em contato conosco pelo e-mail: renew@interchap.org<\/strong><\/p>\r\n","protected":false},"excerpt":{"rendered":"<p>Para voc\u00ea renovar sua credencial exitem tr\u00eas op\u00e7\u00f5es ATEN\u00c7\u00c3O: SOMENTE PARA CAPEL\u00c3ES DOS ESTADOS UNIDOS Op\u00e7\u00e3o 1:Envie o valor da Renova\u00e7\u00e3o pelo Zelle; interchap@interchap.org (Valor para 1 Ano $ 39.00\u00a0 \u00a0&#8211;\u00a0 Valor para dois&#46;&#46;&#46;<\/p>\n","protected":false},"author":1,"featured_media":0,"parent":0,"menu_order":0,"comment_status":"closed","ping_status":"closed","template":"","meta":{"footnotes":""},"class_list":["post-1117","page","type-page","status-publish","hentry"],"jetpack_likes_enabled":true,"jetpack_sharing_enabled":true,"_links":{"self":[{"href":"https:\/\/interchap.org\/br\/wp-json\/wp\/v2\/pages\/1117","targetHints":{"allow":["GET"]}}],"collection":[{"href":"https:\/\/interchap.org\/br\/wp-json\/wp\/v2\/pages"}],"about":[{"href":"https:\/\/interchap.org\/br\/wp-json\/wp\/v2\/types\/page"}],"author":[{"embeddable":true,"href":"https:\/\/interchap.org\/br\/wp-json\/wp\/v2\/users\/1"}],"replies":[{"embeddable":true,"href":"https:\/\/interchap.org\/br\/wp-json\/wp\/v2\/comments?post=1117"}],"version-history":[{"count":4,"href":"https:\/\/interchap.org\/br\/wp-json\/wp\/v2\/pages\/1117\/revisions"}],"predecessor-version":[{"id":9710,"href":"https:\/\/interchap.org\/br\/wp-json\/wp\/v2\/pages\/1117\/revisions\/9710"}],"wp:attachment":[{"href":"https:\/\/interchap.org\/br\/wp-json\/wp\/v2\/media?parent=1117"}],"curies":[{"name":"wp","href":"https:\/\/api.w.org\/{rel}","templated":true}]}}