{"id":1102,"date":"2019-04-10T23:24:27","date_gmt":"2019-04-11T03:24:27","guid":{"rendered":"https:\/\/interchap.org\/pt\/?page_id=1102"},"modified":"2024-02-28T11:19:15","modified_gmt":"2024-02-28T14:19:15","slug":"regiao","status":"publish","type":"page","link":"https:\/\/interchap.org\/br\/regiao\/","title":{"rendered":"REGI\u00c3O"},"content":{"rendered":"\r\n<h3 class=\"wp-block-heading\"><strong>Selecione a regi\u00e3o onde voc\u00ea reside:<\/strong><\/h3>\r\n\r\n\r\n\r\n<h2 class=\"wp-block-heading\"><span style=\"color: #0000ff;\"><a style=\"color: #0000ff;\" href=\"https:\/\/interchap.org\/br\/renovacao\/\">BRASIL<\/a> == <a style=\"color: #0000ff;\" href=\"https:\/\/interchap.org\/br\/estados-unidos\/\">USA<\/a> == <a style=\"color: #0000ff;\" href=\"https:\/\/interchap.org\/pt\/regiao\/\" target=\"_blank\" rel=\"noopener\">EUROPA<\/a><\/span><\/h2>\r\n<p><span style=\"color: #ff0000;\"><strong>Leia os: <a style=\"color: #ff0000;\" href=\"https:\/\/interchap.org\/pt\/wp-content\/uploads\/2023\/06\/Criterios-para-promocao.pdf\" target=\"_blank\" rel=\"noopener\">CRIT\u00c9RIOS PARA PROMO\u00c7\u00c3O<\/a><\/strong><\/span><\/p>\r\n","protected":false},"excerpt":{"rendered":"<p>Selecione a regi\u00e3o onde voc\u00ea reside: BRASIL == USA == EUROPA Leia os: CRIT\u00c9RIOS PARA PROMO\u00c7\u00c3O<\/p>\n","protected":false},"author":1,"featured_media":0,"parent":0,"menu_order":0,"comment_status":"closed","ping_status":"closed","template":"","meta":{"footnotes":""},"class_list":["post-1102","page","type-page","status-publish","hentry"],"jetpack_likes_enabled":true,"jetpack_sharing_enabled":true,"_links":{"self":[{"href":"https:\/\/interchap.org\/br\/wp-json\/wp\/v2\/pages\/1102","targetHints":{"allow":["GET"]}}],"collection":[{"href":"https:\/\/interchap.org\/br\/wp-json\/wp\/v2\/pages"}],"about":[{"href":"https:\/\/interchap.org\/br\/wp-json\/wp\/v2\/types\/page"}],"author":[{"embeddable":true,"href":"https:\/\/interchap.org\/br\/wp-json\/wp\/v2\/users\/1"}],"replies":[{"embeddable":true,"href":"https:\/\/interchap.org\/br\/wp-json\/wp\/v2\/comments?post=1102"}],"version-history":[{"count":5,"href":"https:\/\/interchap.org\/br\/wp-json\/wp\/v2\/pages\/1102\/revisions"}],"predecessor-version":[{"id":9607,"href":"https:\/\/interchap.org\/br\/wp-json\/wp\/v2\/pages\/1102\/revisions\/9607"}],"wp:attachment":[{"href":"https:\/\/interchap.org\/br\/wp-json\/wp\/v2\/media?parent=1102"}],"curies":[{"name":"wp","href":"https:\/\/api.w.org\/{rel}","templated":true}]}}